{"id":62,"date":"2016-03-29T14:08:43","date_gmt":"2016-03-29T13:08:43","guid":{"rendered":"https:\/\/www.chateau-laroque.fr\/?page_id=62"},"modified":"2022-02-17T17:46:07","modified_gmt":"2022-02-17T16:46:07","slug":"contact","status":"publish","type":"page","link":"https:\/\/www.chateau-laroque.fr\/en\/contact\/","title":{"rendered":"Contact"},"content":{"rendered":"<p>[vc_row][vc_column][vc_empty_space][vc_column_text css=&#8221;.vc_custom_1616686111732{padding-top: 0px !important;}&#8221;]<\/p>\n<h3 style=\"text-align: left;\"><strong>Ch\u00e2teau La Roque<br \/>\n<\/strong><\/h3>\n<p>2 chemin de Saint Mathieu &#8211; 34270 Fontan\u00e8s &#8211; France<br \/>\nT\u00e9l\u00e9phone +33 (0)4 67 55 34 47 &#8211; contact@chateau-laroque.fr<\/p>\n<p>&nbsp;[\/vc_column_text][vc_column_text][\/vc_column_text][vc_column_text]<strong>\u2022 Sylviane Mercandelli\u00a0Barascud, <\/strong><strong>Bertrand Barascud, owners<\/strong><\/p>\n<p><strong><strong>\u2022 <\/strong>Cyriaque Rozier, manager<\/strong><\/p>\n<p><strong>\u2022 Natalia Romanchenko<a style=\"color: #000;\" href=\"mailto:n.romanchenko@chateau-laroque.fr\">, sales and export <\/a><\/strong><strong><a style=\"color: #000;\" href=\"mailto:n.romanchenko@chateau-laroque.fr\">manager<\/a>\u00a0<\/strong>n.romanchenko@chateau-laroque.fr<\/p>\n<p><strong><span class=\"s1\">\u2022<\/span> <span class=\"s1\">Alain Pariente, s<\/span><span class=\"s2\">ales<\/span><span class=\"s1\"> manager<\/span><\/strong><\/p>\n<p><strong><strong>\u2022 Marion Yvorra<\/strong><a style=\"color: #000;\" href=\"mailto:contact@chateau-laroque.fr\">, administrative and sales assistant<\/a><\/strong>[\/vc_column_text][vc_empty_space][vc_raw_html]JTNDaWZyYW1lJTIwc3JjJTNEJTIyaHR0cHMlM0ElMkYlMkZ3d3cuZ29vZ2xlLmNvbSUyRm1hcHMlMkZlbWJlZCUzRnBiJTNEJTIxMW0xNCUyMTFtOCUyMTFtMyUyMTFkMTQ3NjMzNS4xNTg4NDg0NDc1JTIxMmQ0LjA2MDg1MzMzMzI2OTMxNSUyMTNkNDMuNzIxNjIyMzg2MzgyNDklMjEzbTIlMjExaTEwMjQlMjEyaTc2OCUyMTRmMTMuMSUyMTNtMyUyMTFtMiUyMTFzMHgwJTI1M0EweGNiNDIxMDE4ZTRkZjA1MmYlMjEyc0NoJTI1QzMlMjVBMnRlYXUlMkJMYSUyQlJvcXVlJTIxNWUwJTIxM20yJTIxMXNmciUyMTJzZnIlMjE0djE0NjEwNzI0NDAxMDYlMjIlMjB3aWR0aCUzRCUyMjEwMCUyNSUyMiUyMGhlaWdodCUzRCUyMjQ1MCUyMiUyMGZyYW1lYm9yZGVyJTNEJTIyMCUyMiUyMHN0eWxlJTNEJTIyYm9yZGVyJTNBMCUyMiUyMGFsbG93ZnVsbHNjcmVlbiUzRSUzQyUyRmlmcmFtZSUzRQ==[\/vc_raw_html][vc_empty_space height=&#8221;50px&#8221;][\/vc_column][\/vc_row][vc_row][vc_column width=&#8221;1\/2&#8243;][\/vc_column][vc_column width=&#8221;1\/2&#8243;][\/vc_column][\/vc_row][vc_row][vc_column][vc_empty_space height=&#8221;50px&#8221;][\/vc_column][\/vc_row]<\/p>","protected":false},"excerpt":{"rendered":"<p>[vc_row][vc_column][vc_empty_space][vc_column_text css=&#8221;.vc_custom_1616686111732{padding-top: 0px !important;}&#8221;] Ch\u00e2teau La Roque 2 chemin de Saint Mathieu &#8211; 34270 Fontan\u00e8s &#8211; France T\u00e9l\u00e9phone +33 (0)4 67 55 34 47 &#8211; contact@chateau-laroque.fr &nbsp;[\/vc_column_text][vc_column_text][\/vc_column_text][vc_column_text]\u2022 Sylviane Mercandelli\u00a0Barascud, Bertrand Barascud, owners \u2022 Cyriaque Rozier, manager \u2022 Natalia Romanchenko, sales and export manager\u00a0n.romanchenko@chateau-laroque.fr \u2022 Alain Pariente, sales manager \u2022 Marion Yvorra, administrative and sales assistant[\/vc_column_text][vc_empty_space][vc_raw_html]JTNDaWZyYW1lJTIwc3JjJTNEJTIyaHR0cHMlM0ElMkYlMkZ3d3cuZ29vZ2xlLmNvbSUyRm1hcHMlMkZlbWJlZCUzRnBiJTNEJTIxMW0xNCUyMTFtOCUyMTFtMyUyMTFkMTQ3NjMzNS4xNTg4NDg0NDc1JTIxMmQ0LjA2MDg1MzMzMzI2OTMxNSUyMTNkNDMuNzIxNjIyMzg2MzgyNDklMjEzbTIlMjExaTEwMjQlMjEyaTc2OCUyMTRmMTMuMSUyMTNtMyUyMTFtMiUyMTFzMHgwJTI1M0EweGNiNDIxMDE4ZTRkZjA1MmYlMjEyc0NoJTI1QzMlMjVBMnRlYXUlMkJMYSUyQlJvcXVlJTIxNWUwJTIxM20yJTIxMXNmciUyMTJzZnIlMjE0djE0NjEwNzI0NDAxMDYlMjIlMjB3aWR0aCUzRCUyMjEwMCUyNSUyMiUyMGhlaWdodCUzRCUyMjQ1MCUyMiUyMGZyYW1lYm9yZGVyJTNEJTIyMCUyMiUyMHN0eWxlJTNEJTIyYm9yZGVyJTNBMCUyMiUyMGFsbG93ZnVsbHNjcmVlbiUzRSUzQyUyRmlmcmFtZSUzRQ==[\/vc_raw_html][vc_empty_space [&hellip;]<\/p>\n","protected":false},"author":1,"featured_media":0,"parent":0,"menu_order":0,"comment_status":"closed","ping_status":"closed","template":"","meta":[],"yoast_head":"<!-- This site is optimized with the Yoast SEO plugin v18.3 - https:\/\/yoast.com\/wordpress\/plugins\/seo\/ -->\n<title>Contact - Ch\u00e2teau La roque<\/title>\n<meta name=\"robots\" content=\"index, follow, max-snippet:-1, max-image-preview:large, max-video-preview:-1\" \/>\n<link rel=\"canonical\" href=\"https:\/\/www.chateau-laroque.fr\/contact\/\" \/>\n<meta property=\"og:locale\" content=\"en_US\" \/>\n<meta property=\"og:type\" content=\"article\" \/>\n<meta property=\"og:title\" content=\"Contact - Ch\u00e2teau La roque\" \/>\n<meta property=\"og:description\" content=\"[vc_row][vc_column][vc_empty_space][vc_column_text css=&#8221;.vc_custom_1616686111732{padding-top: 0px !important;}&#8221;] Ch\u00e2teau La Roque 2 chemin de Saint Mathieu &#8211; 34270 Fontan\u00e8s &#8211; France T\u00e9l\u00e9phone +33 (0)4 67 55 34 47 &#8211; contact@chateau-laroque.fr &nbsp;[\/vc_column_text][vc_column_text][\/vc_column_text][vc_column_text]\u2022 Sylviane Mercandelli\u00a0Barascud, Bertrand Barascud, owners \u2022 Cyriaque Rozier, manager \u2022 Natalia Romanchenko, sales and export manager\u00a0n.romanchenko@chateau-laroque.fr \u2022 Alain Pariente, sales manager \u2022 Marion Yvorra, administrative and sales assistant[\/vc_column_text][vc_empty_space][vc_raw_html]JTNDaWZyYW1lJTIwc3JjJTNEJTIyaHR0cHMlM0ElMkYlMkZ3d3cuZ29vZ2xlLmNvbSUyRm1hcHMlMkZlbWJlZCUzRnBiJTNEJTIxMW0xNCUyMTFtOCUyMTFtMyUyMTFkMTQ3NjMzNS4xNTg4NDg0NDc1JTIxMmQ0LjA2MDg1MzMzMzI2OTMxNSUyMTNkNDMuNzIxNjIyMzg2MzgyNDklMjEzbTIlMjExaTEwMjQlMjEyaTc2OCUyMTRmMTMuMSUyMTNtMyUyMTFtMiUyMTFzMHgwJTI1M0EweGNiNDIxMDE4ZTRkZjA1MmYlMjEyc0NoJTI1QzMlMjVBMnRlYXUlMkJMYSUyQlJvcXVlJTIxNWUwJTIxM20yJTIxMXNmciUyMTJzZnIlMjE0djE0NjEwNzI0NDAxMDYlMjIlMjB3aWR0aCUzRCUyMjEwMCUyNSUyMiUyMGhlaWdodCUzRCUyMjQ1MCUyMiUyMGZyYW1lYm9yZGVyJTNEJTIyMCUyMiUyMHN0eWxlJTNEJTIyYm9yZGVyJTNBMCUyMiUyMGFsbG93ZnVsbHNjcmVlbiUzRSUzQyUyRmlmcmFtZSUzRQ==[\/vc_raw_html][vc_empty_space [&hellip;]\" \/>\n<meta property=\"og:url\" content=\"https:\/\/www.chateau-laroque.fr\/contact\/\" \/>\n<meta property=\"og:site_name\" content=\"Ch\u00e2teau La roque\" \/>\n<meta property=\"article:modified_time\" content=\"2022-02-17T16:46:07+00:00\" \/>\n<meta name=\"twitter:card\" content=\"summary\" \/>\n<meta name=\"twitter:label1\" content=\"Est. reading time\" \/>\n\t<meta name=\"twitter:data1\" content=\"2 minutes\" \/>\n<script type=\"application\/ld+json\" class=\"yoast-schema-graph\">{\"@context\":\"https:\/\/schema.org\",\"@graph\":[{\"@type\":\"WebSite\",\"@id\":\"https:\/\/www.chateau-laroque.fr\/#website\",\"url\":\"https:\/\/www.chateau-laroque.fr\/\",\"name\":\"Ch\u00e2teau La roque\",\"description\":\"cru Pic Saint Loup\",\"potentialAction\":[{\"@type\":\"SearchAction\",\"target\":{\"@type\":\"EntryPoint\",\"urlTemplate\":\"https:\/\/www.chateau-laroque.fr\/?s={search_term_string}\"},\"query-input\":\"required name=search_term_string\"}],\"inLanguage\":\"en-US\"},{\"@type\":\"WebPage\",\"@id\":\"https:\/\/www.chateau-laroque.fr\/contact\/#webpage\",\"url\":\"https:\/\/www.chateau-laroque.fr\/contact\/\",\"name\":\"Contact - Ch\u00e2teau La roque\",\"isPartOf\":{\"@id\":\"https:\/\/www.chateau-laroque.fr\/#website\"},\"datePublished\":\"2016-03-29T13:08:43+00:00\",\"dateModified\":\"2022-02-17T16:46:07+00:00\",\"breadcrumb\":{\"@id\":\"https:\/\/www.chateau-laroque.fr\/contact\/#breadcrumb\"},\"inLanguage\":\"en-US\",\"potentialAction\":[{\"@type\":\"ReadAction\",\"target\":[\"https:\/\/www.chateau-laroque.fr\/contact\/\"]}]},{\"@type\":\"BreadcrumbList\",\"@id\":\"https:\/\/www.chateau-laroque.fr\/contact\/#breadcrumb\",\"itemListElement\":[{\"@type\":\"ListItem\",\"position\":1,\"name\":\"Home\",\"item\":\"https:\/\/www.chateau-laroque.fr\/\"},{\"@type\":\"ListItem\",\"position\":2,\"name\":\"Contact\"}]}]}<\/script>\n<!-- \/ Yoast SEO plugin. -->","yoast_head_json":{"title":"Contact - Ch\u00e2teau La roque","robots":{"index":"index","follow":"follow","max-snippet":"max-snippet:-1","max-image-preview":"max-image-preview:large","max-video-preview":"max-video-preview:-1"},"canonical":"https:\/\/www.chateau-laroque.fr\/contact\/","og_locale":"en_US","og_type":"article","og_title":"Contact - Ch\u00e2teau La roque","og_description":"[vc_row][vc_column][vc_empty_space][vc_column_text css=&#8221;.vc_custom_1616686111732{padding-top: 0px !important;}&#8221;] Ch\u00e2teau La Roque 2 chemin de Saint Mathieu &#8211; 34270 Fontan\u00e8s &#8211; France T\u00e9l\u00e9phone +33 (0)4 67 55 34 47 &#8211; contact@chateau-laroque.fr &nbsp;[\/vc_column_text][vc_column_text][\/vc_column_text][vc_column_text]\u2022 Sylviane Mercandelli\u00a0Barascud, Bertrand Barascud, owners \u2022 Cyriaque Rozier, manager \u2022 Natalia Romanchenko, sales and export manager\u00a0n.romanchenko@chateau-laroque.fr \u2022 Alain Pariente, sales manager \u2022 Marion Yvorra, administrative and sales assistant[\/vc_column_text][vc_empty_space][vc_raw_html]JTNDaWZyYW1lJTIwc3JjJTNEJTIyaHR0cHMlM0ElMkYlMkZ3d3cuZ29vZ2xlLmNvbSUyRm1hcHMlMkZlbWJlZCUzRnBiJTNEJTIxMW0xNCUyMTFtOCUyMTFtMyUyMTFkMTQ3NjMzNS4xNTg4NDg0NDc1JTIxMmQ0LjA2MDg1MzMzMzI2OTMxNSUyMTNkNDMuNzIxNjIyMzg2MzgyNDklMjEzbTIlMjExaTEwMjQlMjEyaTc2OCUyMTRmMTMuMSUyMTNtMyUyMTFtMiUyMTFzMHgwJTI1M0EweGNiNDIxMDE4ZTRkZjA1MmYlMjEyc0NoJTI1QzMlMjVBMnRlYXUlMkJMYSUyQlJvcXVlJTIxNWUwJTIxM20yJTIxMXNmciUyMTJzZnIlMjE0djE0NjEwNzI0NDAxMDYlMjIlMjB3aWR0aCUzRCUyMjEwMCUyNSUyMiUyMGhlaWdodCUzRCUyMjQ1MCUyMiUyMGZyYW1lYm9yZGVyJTNEJTIyMCUyMiUyMHN0eWxlJTNEJTIyYm9yZGVyJTNBMCUyMiUyMGFsbG93ZnVsbHNjcmVlbiUzRSUzQyUyRmlmcmFtZSUzRQ==[\/vc_raw_html][vc_empty_space [&hellip;]","og_url":"https:\/\/www.chateau-laroque.fr\/contact\/","og_site_name":"Ch\u00e2teau La roque","article_modified_time":"2022-02-17T16:46:07+00:00","twitter_card":"summary","twitter_misc":{"Est. reading time":"2 minutes"},"schema":{"@context":"https:\/\/schema.org","@graph":[{"@type":"WebSite","@id":"https:\/\/www.chateau-laroque.fr\/#website","url":"https:\/\/www.chateau-laroque.fr\/","name":"Ch\u00e2teau La roque","description":"cru Pic Saint Loup","potentialAction":[{"@type":"SearchAction","target":{"@type":"EntryPoint","urlTemplate":"https:\/\/www.chateau-laroque.fr\/?s={search_term_string}"},"query-input":"required name=search_term_string"}],"inLanguage":"en-US"},{"@type":"WebPage","@id":"https:\/\/www.chateau-laroque.fr\/contact\/#webpage","url":"https:\/\/www.chateau-laroque.fr\/contact\/","name":"Contact - Ch\u00e2teau La roque","isPartOf":{"@id":"https:\/\/www.chateau-laroque.fr\/#website"},"datePublished":"2016-03-29T13:08:43+00:00","dateModified":"2022-02-17T16:46:07+00:00","breadcrumb":{"@id":"https:\/\/www.chateau-laroque.fr\/contact\/#breadcrumb"},"inLanguage":"en-US","potentialAction":[{"@type":"ReadAction","target":["https:\/\/www.chateau-laroque.fr\/contact\/"]}]},{"@type":"BreadcrumbList","@id":"https:\/\/www.chateau-laroque.fr\/contact\/#breadcrumb","itemListElement":[{"@type":"ListItem","position":1,"name":"Home","item":"https:\/\/www.chateau-laroque.fr\/"},{"@type":"ListItem","position":2,"name":"Contact"}]}]}},"_links":{"self":[{"href":"https:\/\/www.chateau-laroque.fr\/en\/wp-json\/wp\/v2\/pages\/62"}],"collection":[{"href":"https:\/\/www.chateau-laroque.fr\/en\/wp-json\/wp\/v2\/pages"}],"about":[{"href":"https:\/\/www.chateau-laroque.fr\/en\/wp-json\/wp\/v2\/types\/page"}],"author":[{"embeddable":true,"href":"https:\/\/www.chateau-laroque.fr\/en\/wp-json\/wp\/v2\/users\/1"}],"replies":[{"embeddable":true,"href":"https:\/\/www.chateau-laroque.fr\/en\/wp-json\/wp\/v2\/comments?post=62"}],"version-history":[{"count":44,"href":"https:\/\/www.chateau-laroque.fr\/en\/wp-json\/wp\/v2\/pages\/62\/revisions"}],"predecessor-version":[{"id":1772,"href":"https:\/\/www.chateau-laroque.fr\/en\/wp-json\/wp\/v2\/pages\/62\/revisions\/1772"}],"wp:attachment":[{"href":"https:\/\/www.chateau-laroque.fr\/en\/wp-json\/wp\/v2\/media?parent=62"}],"curies":[{"name":"wp","href":"https:\/\/api.w.org\/{rel}","templated":true}]}}