{"id":57,"date":"2016-03-29T14:08:21","date_gmt":"2016-03-29T13:08:21","guid":{"rendered":"https:\/\/www.chateau-laroque.fr\/?page_id=57"},"modified":"2022-02-17T17:46:07","modified_gmt":"2022-02-17T16:46:07","slug":"distinctions","status":"publish","type":"page","link":"https:\/\/www.chateau-laroque.fr\/en\/distinctions\/","title":{"rendered":"Distinctions"},"content":{"rendered":"<p>[vc_row][vc_column][vc_column_text]<\/p>\n<h2 class=\"p1\"><span class=\"s1\">Distinctions<\/span><\/h2>\n<p>&nbsp;<\/p>\n<p>&#8211;<strong>M\u00e9daille de bronze &#8211; Prix plaisir, BETTANE + DESSEAUVE<\/strong><br \/>\nCh\u00e2teau La Roque &#8220;Rouge Ch\u00e2teau 2015&#8221;, AOC Pic Saint Loup<\/p>\n<p class=\"p1\"><strong>&#8211; M\u00e9daille d\u2019or &#8211; Challenge Mill\u00e9sime Bio &#8211; France<br \/>\n<\/strong>Ch\u00e2teau La Roque &#8220;La Cupa&#8221; 2012, AOC Pic Saint Loup<\/p>\n<p class=\"p1\"><span class=\"s1\"><strong>&#8211; M\u00e9daille d\u2019argent &#8211; Challenge Mill\u00e9sime Bio &#8211; France<\/strong><br \/>\n<\/span><span class=\"s1\">Ch\u00e2teau La Roque \u201cCupa\u00a0Numismae\u201d 2011, appellation Languedoc Pic Saint-Loup contr\u00f4l\u00e9e<\/span><\/p>\n<p class=\"p1\"><strong><span class=\"s2\">&#8211; M\u00e9daille d\u2019argent &#8211;\u00a0<\/span><\/strong><span class=\"s1\"><strong>Decanter World Wine Award 2014, Angleterre<\/strong><br \/>\n<\/span><span class=\"s1\">Ch\u00e2teau La Roque \u201cClos des B\u00e9n\u00e9dictins\u201d 2012, appellation Languedoc contr\u00f4l\u00e9e<\/span><\/p>\n<p class=\"p1\"><strong><span class=\"s1\">Notes Robert Parker :<br \/>\n<\/span><\/strong><span class=\"s1\">&#8211; 91\/100 : Ch\u00e2teau La Roque \u201cLa Cupa\u201d, 2012, appellation Languedoc Pic Saint-Loup contr\u00f4l\u00e9e<br \/>\n<\/span><span class=\"s1\">&#8211; 90\/100 : Ch\u00e2teau La Roque \u201cLa Cupa\u201d, 2013, appellation Languedoc Pic Saint-Loup contr\u00f4l\u00e9e<\/span><\/p>\n<p>[\/vc_column_text][\/vc_column][\/vc_row]<\/p>","protected":false},"excerpt":{"rendered":"<p>[vc_row][vc_column][vc_column_text] Distinctions &nbsp; &#8211;M\u00e9daille de bronze &#8211; Prix plaisir, BETTANE + DESSEAUVE Ch\u00e2teau La Roque &#8220;Rouge Ch\u00e2teau 2015&#8221;, AOC Pic Saint Loup &#8211; M\u00e9daille d\u2019or &#8211; Challenge Mill\u00e9sime Bio &#8211; France Ch\u00e2teau La Roque &#8220;La Cupa&#8221; 2012, AOC Pic Saint Loup &#8211; M\u00e9daille d\u2019argent &#8211; Challenge Mill\u00e9sime Bio &#8211; France Ch\u00e2teau La Roque \u201cCupa\u00a0Numismae\u201d 2011, [&hellip;]<\/p>\n","protected":false},"author":1,"featured_media":0,"parent":0,"menu_order":0,"comment_status":"closed","ping_status":"closed","template":"","meta":[],"yoast_head":"<!-- This site is optimized with the Yoast SEO plugin v18.3 - https:\/\/yoast.com\/wordpress\/plugins\/seo\/ -->\n<title>Distinctions - Ch\u00e2teau La roque<\/title>\n<meta name=\"robots\" content=\"index, follow, max-snippet:-1, max-image-preview:large, max-video-preview:-1\" \/>\n<link rel=\"canonical\" href=\"https:\/\/www.chateau-laroque.fr\/distinctions\/\" \/>\n<meta property=\"og:locale\" content=\"en_US\" \/>\n<meta property=\"og:type\" content=\"article\" \/>\n<meta property=\"og:title\" content=\"Distinctions - Ch\u00e2teau La roque\" \/>\n<meta property=\"og:description\" content=\"[vc_row][vc_column][vc_column_text] Distinctions &nbsp; &#8211;M\u00e9daille de bronze &#8211; Prix plaisir, BETTANE + DESSEAUVE Ch\u00e2teau La Roque &#8220;Rouge Ch\u00e2teau 2015&#8221;, AOC Pic Saint Loup &#8211; M\u00e9daille d\u2019or &#8211; Challenge Mill\u00e9sime Bio &#8211; France Ch\u00e2teau La Roque &#8220;La Cupa&#8221; 2012, AOC Pic Saint Loup &#8211; M\u00e9daille d\u2019argent &#8211; Challenge Mill\u00e9sime Bio &#8211; France Ch\u00e2teau La Roque \u201cCupa\u00a0Numismae\u201d 2011, [&hellip;]\" \/>\n<meta property=\"og:url\" content=\"https:\/\/www.chateau-laroque.fr\/distinctions\/\" \/>\n<meta property=\"og:site_name\" content=\"Ch\u00e2teau La roque\" \/>\n<meta property=\"article:modified_time\" content=\"2022-02-17T16:46:07+00:00\" \/>\n<meta name=\"twitter:card\" content=\"summary\" \/>\n<meta name=\"twitter:label1\" content=\"Est. reading time\" \/>\n\t<meta name=\"twitter:data1\" content=\"1 minute\" \/>\n<script type=\"application\/ld+json\" class=\"yoast-schema-graph\">{\"@context\":\"https:\/\/schema.org\",\"@graph\":[{\"@type\":\"WebSite\",\"@id\":\"https:\/\/www.chateau-laroque.fr\/#website\",\"url\":\"https:\/\/www.chateau-laroque.fr\/\",\"name\":\"Ch\u00e2teau La roque\",\"description\":\"cru Pic Saint Loup\",\"potentialAction\":[{\"@type\":\"SearchAction\",\"target\":{\"@type\":\"EntryPoint\",\"urlTemplate\":\"https:\/\/www.chateau-laroque.fr\/?s={search_term_string}\"},\"query-input\":\"required name=search_term_string\"}],\"inLanguage\":\"en-US\"},{\"@type\":\"WebPage\",\"@id\":\"https:\/\/www.chateau-laroque.fr\/distinctions\/#webpage\",\"url\":\"https:\/\/www.chateau-laroque.fr\/distinctions\/\",\"name\":\"Distinctions - Ch\u00e2teau La roque\",\"isPartOf\":{\"@id\":\"https:\/\/www.chateau-laroque.fr\/#website\"},\"datePublished\":\"2016-03-29T13:08:21+00:00\",\"dateModified\":\"2022-02-17T16:46:07+00:00\",\"breadcrumb\":{\"@id\":\"https:\/\/www.chateau-laroque.fr\/distinctions\/#breadcrumb\"},\"inLanguage\":\"en-US\",\"potentialAction\":[{\"@type\":\"ReadAction\",\"target\":[\"https:\/\/www.chateau-laroque.fr\/distinctions\/\"]}]},{\"@type\":\"BreadcrumbList\",\"@id\":\"https:\/\/www.chateau-laroque.fr\/distinctions\/#breadcrumb\",\"itemListElement\":[{\"@type\":\"ListItem\",\"position\":1,\"name\":\"Home\",\"item\":\"https:\/\/www.chateau-laroque.fr\/\"},{\"@type\":\"ListItem\",\"position\":2,\"name\":\"Distinctions\"}]}]}<\/script>\n<!-- \/ Yoast SEO plugin. -->","yoast_head_json":{"title":"Distinctions - Ch\u00e2teau La roque","robots":{"index":"index","follow":"follow","max-snippet":"max-snippet:-1","max-image-preview":"max-image-preview:large","max-video-preview":"max-video-preview:-1"},"canonical":"https:\/\/www.chateau-laroque.fr\/distinctions\/","og_locale":"en_US","og_type":"article","og_title":"Distinctions - Ch\u00e2teau La roque","og_description":"[vc_row][vc_column][vc_column_text] Distinctions &nbsp; &#8211;M\u00e9daille de bronze &#8211; Prix plaisir, BETTANE + DESSEAUVE Ch\u00e2teau La Roque &#8220;Rouge Ch\u00e2teau 2015&#8221;, AOC Pic Saint Loup &#8211; M\u00e9daille d\u2019or &#8211; Challenge Mill\u00e9sime Bio &#8211; France Ch\u00e2teau La Roque &#8220;La Cupa&#8221; 2012, AOC Pic Saint Loup &#8211; M\u00e9daille d\u2019argent &#8211; Challenge Mill\u00e9sime Bio &#8211; France Ch\u00e2teau La Roque \u201cCupa\u00a0Numismae\u201d 2011, [&hellip;]","og_url":"https:\/\/www.chateau-laroque.fr\/distinctions\/","og_site_name":"Ch\u00e2teau La roque","article_modified_time":"2022-02-17T16:46:07+00:00","twitter_card":"summary","twitter_misc":{"Est. reading time":"1 minute"},"schema":{"@context":"https:\/\/schema.org","@graph":[{"@type":"WebSite","@id":"https:\/\/www.chateau-laroque.fr\/#website","url":"https:\/\/www.chateau-laroque.fr\/","name":"Ch\u00e2teau La roque","description":"cru Pic Saint Loup","potentialAction":[{"@type":"SearchAction","target":{"@type":"EntryPoint","urlTemplate":"https:\/\/www.chateau-laroque.fr\/?s={search_term_string}"},"query-input":"required name=search_term_string"}],"inLanguage":"en-US"},{"@type":"WebPage","@id":"https:\/\/www.chateau-laroque.fr\/distinctions\/#webpage","url":"https:\/\/www.chateau-laroque.fr\/distinctions\/","name":"Distinctions - Ch\u00e2teau La roque","isPartOf":{"@id":"https:\/\/www.chateau-laroque.fr\/#website"},"datePublished":"2016-03-29T13:08:21+00:00","dateModified":"2022-02-17T16:46:07+00:00","breadcrumb":{"@id":"https:\/\/www.chateau-laroque.fr\/distinctions\/#breadcrumb"},"inLanguage":"en-US","potentialAction":[{"@type":"ReadAction","target":["https:\/\/www.chateau-laroque.fr\/distinctions\/"]}]},{"@type":"BreadcrumbList","@id":"https:\/\/www.chateau-laroque.fr\/distinctions\/#breadcrumb","itemListElement":[{"@type":"ListItem","position":1,"name":"Home","item":"https:\/\/www.chateau-laroque.fr\/"},{"@type":"ListItem","position":2,"name":"Distinctions"}]}]}},"_links":{"self":[{"href":"https:\/\/www.chateau-laroque.fr\/en\/wp-json\/wp\/v2\/pages\/57"}],"collection":[{"href":"https:\/\/www.chateau-laroque.fr\/en\/wp-json\/wp\/v2\/pages"}],"about":[{"href":"https:\/\/www.chateau-laroque.fr\/en\/wp-json\/wp\/v2\/types\/page"}],"author":[{"embeddable":true,"href":"https:\/\/www.chateau-laroque.fr\/en\/wp-json\/wp\/v2\/users\/1"}],"replies":[{"embeddable":true,"href":"https:\/\/www.chateau-laroque.fr\/en\/wp-json\/wp\/v2\/comments?post=57"}],"version-history":[{"count":4,"href":"https:\/\/www.chateau-laroque.fr\/en\/wp-json\/wp\/v2\/pages\/57\/revisions"}],"predecessor-version":[{"id":1129,"href":"https:\/\/www.chateau-laroque.fr\/en\/wp-json\/wp\/v2\/pages\/57\/revisions\/1129"}],"wp:attachment":[{"href":"https:\/\/www.chateau-laroque.fr\/en\/wp-json\/wp\/v2\/media?parent=57"}],"curies":[{"name":"wp","href":"https:\/\/api.w.org\/{rel}","templated":true}]}}