{"id":56,"date":"2016-03-29T14:07:47","date_gmt":"2016-03-29T13:07:47","guid":{"rendered":"https:\/\/www.chateau-laroque.fr\/?page_id=56"},"modified":"2022-02-17T17:46:08","modified_gmt":"2022-02-17T16:46:08","slug":"mourvedre","status":"publish","type":"page","link":"https:\/\/www.chateau-laroque.fr\/en\/mourvedre\/","title":{"rendered":"Mourv\u00e8dre"},"content":{"rendered":"<p>[vc_row][vc_column][vc_custom_heading text=&#8221;Mourv\u00e8dre&#8221; google_fonts=&#8221;font_family:Signika%3A300%2Cregular%2C600%2C700|font_style:400%20regular%3A400%3Anormal&#8221;][vc_column_text]<strong>For a long time, the reputation of Ch\u00e2teau La Roque has been particularly linked to the quality of its Mourv\u00e8dre grapes, this original grape variety which has such a great future\u2026 Red wine made with Mourv\u00e8dre grapes is powerful, colourful and tannic. Subtly peppery, it is often gamey when young with spiced black fruits always present. It is both robust and delicate. Deep and velvety. Coarse yet fine. It ages wonderfully We love it.<\/strong>[\/vc_column_text][vc_empty_space][\/vc_column][\/vc_row][vc_row][vc_column width=&#8221;1\/2&#8243;]<figure class=\"sc_image  sc_image_shape_square\"><img src=\"https:\/\/www.chateau-laroque.fr\/wp-content\/uploads\/2016\/06\/chateau_la_roque_hp_mourvedre.jpg\" alt=\"\" \/><\/figure>[vc_column_text]<em>A plot of Mourv\u00e8dre grapes, on the lowest level of the terraces\u2026<\/em>[\/vc_column_text][vc_empty_space][\/vc_column][vc_column width=&#8221;1\/2&#8243;][vc_column_text]With its origins shrouded in mystery, Mourv\u00e8dre was for a long time considered as a mere blending grape variety, and is now mostly grown in the southern Rh\u00f4ne Valley and on the sunny hillsides of the south of France and in particular in Bandol, on the shores of the Mediterranean, a town which has over time become its standard bearer.<\/p>\n<p><strong>We have little information on the history of this grape variety, however it would appear to have come from Spain. It is thought to be linked to the Mataro Spanish grape variety, originally from Catalonia. The Americans refer to Mourv\u00e8dre as Mataro.<\/strong><\/p>\n<p>Its French name could be derived from the name of the commune of Murviedro, located in the province of Valencia. It is not known how long it has been grown in France, but it is thought to be several centuries. We know that the production surface area was much larger before the phylloxera crisis, at the end of the nineteenth century.<\/p>\n<p><strong>Characteristics<\/strong><br \/>\nThe particularity of this grape variety is its very late budburst and maturity. A maturity which it reaches with lots of heat and light over a long period of time. It is a vigorous plant which adapts well to poor soils and can withstand southerly winds. Its yields can be very high (not on our estate) and it requires expert pruning. It is susceptible to mildew and powdery mildew, but is resistant to grey mould, thanks to the thickness of its skin.<\/p>\n<p><strong>Description<\/strong><br \/>\nIts compact bunches are medium to large in size, conical, narrow and sometimes winged. Its berries are medium size and spherical, with a thick skin and bluish black colour. Their flesh is melting with a bitter flavour.[\/vc_column_text][\/vc_column][\/vc_row][vc_row][vc_column][vc_column_text]<strong>Preferred terroirs<\/strong><br \/>\nIn France, the appellation which presents it to best advantage is Bandol, where it must make up at least 50% of the grape varieties used. It is generally used in blends and is mostly found in the appellation areas of Provence, the southern Rh\u00f4ne Valley and Languedoc-Roussillon. It is also grown in the United States and Australia\u2026[\/vc_column_text][\/vc_column][\/vc_row]<\/p>","protected":false},"excerpt":{"rendered":"<p>[vc_row][vc_column][vc_custom_heading text=&#8221;Mourv\u00e8dre&#8221; google_fonts=&#8221;font_family:Signika%3A300%2Cregular%2C600%2C700|font_style:400%20regular%3A400%3Anormal&#8221;][vc_column_text]For a long time, the reputation of Ch\u00e2teau La Roque has been particularly linked to the quality of its Mourv\u00e8dre grapes, this original grape variety which has such a great future\u2026 Red wine made with Mourv\u00e8dre grapes is powerful, colourful and tannic. Subtly peppery, it is often gamey when young with spiced black [&hellip;]<\/p>\n","protected":false},"author":1,"featured_media":0,"parent":0,"menu_order":0,"comment_status":"closed","ping_status":"closed","template":"","meta":[],"yoast_head":"<!-- This site is optimized with the Yoast SEO plugin v18.3 - https:\/\/yoast.com\/wordpress\/plugins\/seo\/ -->\n<title>Mourv\u00e8dre - Ch\u00e2teau La roque<\/title>\n<meta name=\"robots\" content=\"index, follow, max-snippet:-1, max-image-preview:large, max-video-preview:-1\" \/>\n<link rel=\"canonical\" href=\"https:\/\/www.chateau-laroque.fr\/en\/mourvedre\/\" \/>\n<meta property=\"og:locale\" content=\"en_US\" \/>\n<meta property=\"og:type\" content=\"article\" \/>\n<meta property=\"og:title\" content=\"Mourv\u00e8dre - Ch\u00e2teau La roque\" \/>\n<meta property=\"og:description\" content=\"[vc_row][vc_column][vc_custom_heading text=&#8221;Mourv\u00e8dre&#8221; google_fonts=&#8221;font_family:Signika%3A300%2Cregular%2C600%2C700|font_style:400%20regular%3A400%3Anormal&#8221;][vc_column_text]For a long time, the reputation of Ch\u00e2teau La Roque has been particularly linked to the quality of its Mourv\u00e8dre grapes, this original grape variety which has such a great future\u2026 Red wine made with Mourv\u00e8dre grapes is powerful, colourful and tannic. Subtly peppery, it is often gamey when young with spiced black [&hellip;]\" \/>\n<meta property=\"og:url\" content=\"https:\/\/www.chateau-laroque.fr\/en\/mourvedre\/\" \/>\n<meta property=\"og:site_name\" content=\"Ch\u00e2teau La roque\" \/>\n<meta property=\"article:modified_time\" content=\"2022-02-17T16:46:08+00:00\" \/>\n<meta name=\"twitter:card\" content=\"summary\" \/>\n<meta name=\"twitter:label1\" content=\"Est. reading time\" \/>\n\t<meta name=\"twitter:data1\" content=\"5 minutes\" \/>\n<script type=\"application\/ld+json\" class=\"yoast-schema-graph\">{\"@context\":\"https:\/\/schema.org\",\"@graph\":[{\"@type\":\"WebSite\",\"@id\":\"https:\/\/www.chateau-laroque.fr\/#website\",\"url\":\"https:\/\/www.chateau-laroque.fr\/\",\"name\":\"Ch\u00e2teau La roque\",\"description\":\"cru Pic Saint Loup\",\"potentialAction\":[{\"@type\":\"SearchAction\",\"target\":{\"@type\":\"EntryPoint\",\"urlTemplate\":\"https:\/\/www.chateau-laroque.fr\/?s={search_term_string}\"},\"query-input\":\"required name=search_term_string\"}],\"inLanguage\":\"en-US\"},{\"@type\":\"WebPage\",\"@id\":\"https:\/\/www.chateau-laroque.fr\/en\/mourvedre\/#webpage\",\"url\":\"https:\/\/www.chateau-laroque.fr\/en\/mourvedre\/\",\"name\":\"Mourv\u00e8dre - Ch\u00e2teau La roque\",\"isPartOf\":{\"@id\":\"https:\/\/www.chateau-laroque.fr\/#website\"},\"datePublished\":\"2016-03-29T13:07:47+00:00\",\"dateModified\":\"2022-02-17T16:46:08+00:00\",\"breadcrumb\":{\"@id\":\"https:\/\/www.chateau-laroque.fr\/en\/mourvedre\/#breadcrumb\"},\"inLanguage\":\"en-US\",\"potentialAction\":[{\"@type\":\"ReadAction\",\"target\":[\"https:\/\/www.chateau-laroque.fr\/en\/mourvedre\/\"]}]},{\"@type\":\"BreadcrumbList\",\"@id\":\"https:\/\/www.chateau-laroque.fr\/en\/mourvedre\/#breadcrumb\",\"itemListElement\":[{\"@type\":\"ListItem\",\"position\":1,\"name\":\"Home\",\"item\":\"https:\/\/www.chateau-laroque.fr\/\"},{\"@type\":\"ListItem\",\"position\":2,\"name\":\"Mourv\u00e8dre\"}]}]}<\/script>\n<!-- \/ Yoast SEO plugin. -->","yoast_head_json":{"title":"Mourv\u00e8dre - Ch\u00e2teau La roque","robots":{"index":"index","follow":"follow","max-snippet":"max-snippet:-1","max-image-preview":"max-image-preview:large","max-video-preview":"max-video-preview:-1"},"canonical":"https:\/\/www.chateau-laroque.fr\/en\/mourvedre\/","og_locale":"en_US","og_type":"article","og_title":"Mourv\u00e8dre - Ch\u00e2teau La roque","og_description":"[vc_row][vc_column][vc_custom_heading text=&#8221;Mourv\u00e8dre&#8221; google_fonts=&#8221;font_family:Signika%3A300%2Cregular%2C600%2C700|font_style:400%20regular%3A400%3Anormal&#8221;][vc_column_text]For a long time, the reputation of Ch\u00e2teau La Roque has been particularly linked to the quality of its Mourv\u00e8dre grapes, this original grape variety which has such a great future\u2026 Red wine made with Mourv\u00e8dre grapes is powerful, colourful and tannic. Subtly peppery, it is often gamey when young with spiced black [&hellip;]","og_url":"https:\/\/www.chateau-laroque.fr\/en\/mourvedre\/","og_site_name":"Ch\u00e2teau La roque","article_modified_time":"2022-02-17T16:46:08+00:00","twitter_card":"summary","twitter_misc":{"Est. reading time":"5 minutes"},"schema":{"@context":"https:\/\/schema.org","@graph":[{"@type":"WebSite","@id":"https:\/\/www.chateau-laroque.fr\/#website","url":"https:\/\/www.chateau-laroque.fr\/","name":"Ch\u00e2teau La roque","description":"cru Pic Saint Loup","potentialAction":[{"@type":"SearchAction","target":{"@type":"EntryPoint","urlTemplate":"https:\/\/www.chateau-laroque.fr\/?s={search_term_string}"},"query-input":"required name=search_term_string"}],"inLanguage":"en-US"},{"@type":"WebPage","@id":"https:\/\/www.chateau-laroque.fr\/en\/mourvedre\/#webpage","url":"https:\/\/www.chateau-laroque.fr\/en\/mourvedre\/","name":"Mourv\u00e8dre - Ch\u00e2teau La roque","isPartOf":{"@id":"https:\/\/www.chateau-laroque.fr\/#website"},"datePublished":"2016-03-29T13:07:47+00:00","dateModified":"2022-02-17T16:46:08+00:00","breadcrumb":{"@id":"https:\/\/www.chateau-laroque.fr\/en\/mourvedre\/#breadcrumb"},"inLanguage":"en-US","potentialAction":[{"@type":"ReadAction","target":["https:\/\/www.chateau-laroque.fr\/en\/mourvedre\/"]}]},{"@type":"BreadcrumbList","@id":"https:\/\/www.chateau-laroque.fr\/en\/mourvedre\/#breadcrumb","itemListElement":[{"@type":"ListItem","position":1,"name":"Home","item":"https:\/\/www.chateau-laroque.fr\/"},{"@type":"ListItem","position":2,"name":"Mourv\u00e8dre"}]}]}},"_links":{"self":[{"href":"https:\/\/www.chateau-laroque.fr\/en\/wp-json\/wp\/v2\/pages\/56"}],"collection":[{"href":"https:\/\/www.chateau-laroque.fr\/en\/wp-json\/wp\/v2\/pages"}],"about":[{"href":"https:\/\/www.chateau-laroque.fr\/en\/wp-json\/wp\/v2\/types\/page"}],"author":[{"embeddable":true,"href":"https:\/\/www.chateau-laroque.fr\/en\/wp-json\/wp\/v2\/users\/1"}],"replies":[{"embeddable":true,"href":"https:\/\/www.chateau-laroque.fr\/en\/wp-json\/wp\/v2\/comments?post=56"}],"version-history":[{"count":8,"href":"https:\/\/www.chateau-laroque.fr\/en\/wp-json\/wp\/v2\/pages\/56\/revisions"}],"predecessor-version":[{"id":751,"href":"https:\/\/www.chateau-laroque.fr\/en\/wp-json\/wp\/v2\/pages\/56\/revisions\/751"}],"wp:attachment":[{"href":"https:\/\/www.chateau-laroque.fr\/en\/wp-json\/wp\/v2\/media?parent=56"}],"curies":[{"name":"wp","href":"https:\/\/api.w.org\/{rel}","templated":true}]}}