{"id":23,"date":"2016-03-29T14:00:15","date_gmt":"2016-03-29T13:00:15","guid":{"rendered":"https:\/\/www.chateau-laroque.fr\/?page_id=23"},"modified":"2022-02-17T17:46:07","modified_gmt":"2022-02-17T16:46:07","slug":"ange-gardien","status":"publish","type":"page","link":"https:\/\/www.chateau-laroque.fr\/en\/ange-gardien\/","title":{"rendered":"Ange gardien"},"content":{"rendered":"<p>[vc_row][vc_column][vc_custom_heading text=&#8221;GUARDIAN ANGEL&#8221; use_theme_fonts=&#8221;yes&#8221;][vc_column_text]<strong>Located around 20 km to the north of Montpellier, Pic Saint-Loup is visible from a large part of the d\u00e9partement of the H\u00e9rault, the coastline and the Gard d\u00e9partement, from where its outline is reminiscent of an arrowhead soaring up towards the sky. It is one of the most beautiful natural and hiking sites in the Garrigues region, the outpost of the C\u00e9vennes. The mountain is also considered as the Languedoc equivalent of the Sainte-Victoire mountain. With the Hortus Mountain which faces it from the north, it forms a protected natural site.<\/strong>[\/vc_column_text][vc_empty_space][vc_empty_space height=&#8221;10px&#8221;][\/vc_column][\/vc_row][vc_row][vc_column width=&#8221;1\/2&#8243;]<figure class=\"sc_image  sc_image_shape_square\" style=\"margin-right:0px !important;margin-left:0px !important;width:600px;\"><img src=\"https:\/\/www.chateau-laroque.fr\/wp-content\/uploads\/2016\/06\/laroquedupic1-600x300.jpg\" alt=\"\" \/><\/figure>[vc_empty_space height=&#8221;10px&#8221;][vc_column_text]<em>A striking contrast of minerals and plant-life, Pic Saint-Loup is a landmark for an entire region\u2026<\/em>[\/vc_column_text][vc_empty_space height=&#8221;30px&#8221;]<figure class=\"sc_image  sc_image_shape_square\" style=\"width:600px;\"><img src=\"https:\/\/www.chateau-laroque.fr\/wp-content\/uploads\/2016\/06\/Chateau_la_roque_pic_saint_loup_ange_gardien_2_2-600x401.jpg\" alt=\"\" \/><\/figure>[vc_empty_space height=&#8221;10px&#8221;][vc_column_text]<em>The majestic Pic Saint-Loup.<\/em>[\/vc_column_text][vc_empty_space][\/vc_column][vc_column width=&#8221;1\/2&#8243;][vc_column_text]From the top of its sharp-edged ridge, Pic Saint-Loup stands up to the elements. A large iron cross has been erected there, an observation post and the chapel of a former hermitage.<\/p>\n<p>Pic Saint-Loup is said to take its name from a mediaeval love story. Three brothers, Loup, Guiral and Clair, all in love with the beautiful Bertrade, set off for the Crusades without knowing which one of them she would choose for her husband. On their return from the Holy Land, their beloved had passed away. Despairing, they decided to live as hermits on the summits of three neighbouring peaks. The one which Guiral lived on became Mont Saint-Guiral. It is located near Mont Aigoual and its granite dome reaches a height of 1366 metres.  The one Clair lived one was named Mont Saint-Clair (175 metres high; the town of S\u00e8te is built at its foot). Settled on the Pic to which he gave his name, Thieri Loup was the last to die. Like his two brothers, he had lit a fire every 19th March throughout his life in memory of his beloved.<\/p>\n<p>But perhaps the origin of the name is linked to the Celtic cult of Dieu Lug..<\/p>\n<p>The summit reaches an altitude of 658 metres and looks over a vast landscape. The Pic is made up of limestone from the Jurassic period and offers a striking spectacle with its miniature double, the Hortus Mountain, located right opposite.<\/p>\n<p>The stone of Pic Saint-Loup was formed by the accumulation of marine sediment, which over time became very thick. Temperatures and pressures altered the nature of the deposits, resulting in this white rock which the movements of tectonic plates have pushed up towards the sky. Some locations are very rich in fossils (pyrite ammonites held in blue marl).<br \/>\n[\/vc_column_text][\/vc_column][\/vc_row]<\/p>","protected":false},"excerpt":{"rendered":"<p>[vc_row][vc_column][vc_custom_heading text=&#8221;GUARDIAN ANGEL&#8221; use_theme_fonts=&#8221;yes&#8221;][vc_column_text]Located around 20 km to the north of Montpellier, Pic Saint-Loup is visible from a large part of the d\u00e9partement of the H\u00e9rault, the coastline and the Gard d\u00e9partement, from where its outline is reminiscent of an arrowhead soaring up towards the sky. It is one of the most beautiful natural and [&hellip;]<\/p>\n","protected":false},"author":1,"featured_media":0,"parent":0,"menu_order":0,"comment_status":"closed","ping_status":"closed","template":"","meta":[],"yoast_head":"<!-- This site is optimized with the Yoast SEO plugin v18.3 - https:\/\/yoast.com\/wordpress\/plugins\/seo\/ -->\n<title>Ange gardien - Ch\u00e2teau La roque<\/title>\n<meta name=\"robots\" content=\"index, follow, max-snippet:-1, max-image-preview:large, max-video-preview:-1\" \/>\n<link rel=\"canonical\" href=\"https:\/\/www.chateau-laroque.fr\/ange-gardien\/\" \/>\n<meta property=\"og:locale\" content=\"en_US\" \/>\n<meta property=\"og:type\" content=\"article\" \/>\n<meta property=\"og:title\" content=\"Ange gardien - Ch\u00e2teau La roque\" \/>\n<meta property=\"og:description\" content=\"[vc_row][vc_column][vc_custom_heading text=&#8221;GUARDIAN ANGEL&#8221; use_theme_fonts=&#8221;yes&#8221;][vc_column_text]Located around 20 km to the north of Montpellier, Pic Saint-Loup is visible from a large part of the d\u00e9partement of the H\u00e9rault, the coastline and the Gard d\u00e9partement, from where its outline is reminiscent of an arrowhead soaring up towards the sky. It is one of the most beautiful natural and [&hellip;]\" \/>\n<meta property=\"og:url\" content=\"https:\/\/www.chateau-laroque.fr\/ange-gardien\/\" \/>\n<meta property=\"og:site_name\" content=\"Ch\u00e2teau La roque\" \/>\n<meta property=\"article:modified_time\" content=\"2022-02-17T16:46:07+00:00\" \/>\n<meta name=\"twitter:card\" content=\"summary\" \/>\n<meta name=\"twitter:label1\" content=\"Est. reading time\" \/>\n\t<meta name=\"twitter:data1\" content=\"5 minutes\" \/>\n<script type=\"application\/ld+json\" class=\"yoast-schema-graph\">{\"@context\":\"https:\/\/schema.org\",\"@graph\":[{\"@type\":\"WebSite\",\"@id\":\"https:\/\/www.chateau-laroque.fr\/#website\",\"url\":\"https:\/\/www.chateau-laroque.fr\/\",\"name\":\"Ch\u00e2teau La roque\",\"description\":\"cru Pic Saint Loup\",\"potentialAction\":[{\"@type\":\"SearchAction\",\"target\":{\"@type\":\"EntryPoint\",\"urlTemplate\":\"https:\/\/www.chateau-laroque.fr\/?s={search_term_string}\"},\"query-input\":\"required name=search_term_string\"}],\"inLanguage\":\"en-US\"},{\"@type\":\"WebPage\",\"@id\":\"https:\/\/www.chateau-laroque.fr\/ange-gardien\/#webpage\",\"url\":\"https:\/\/www.chateau-laroque.fr\/ange-gardien\/\",\"name\":\"Ange gardien - Ch\u00e2teau La roque\",\"isPartOf\":{\"@id\":\"https:\/\/www.chateau-laroque.fr\/#website\"},\"datePublished\":\"2016-03-29T13:00:15+00:00\",\"dateModified\":\"2022-02-17T16:46:07+00:00\",\"breadcrumb\":{\"@id\":\"https:\/\/www.chateau-laroque.fr\/ange-gardien\/#breadcrumb\"},\"inLanguage\":\"en-US\",\"potentialAction\":[{\"@type\":\"ReadAction\",\"target\":[\"https:\/\/www.chateau-laroque.fr\/ange-gardien\/\"]}]},{\"@type\":\"BreadcrumbList\",\"@id\":\"https:\/\/www.chateau-laroque.fr\/ange-gardien\/#breadcrumb\",\"itemListElement\":[{\"@type\":\"ListItem\",\"position\":1,\"name\":\"Home\",\"item\":\"https:\/\/www.chateau-laroque.fr\/\"},{\"@type\":\"ListItem\",\"position\":2,\"name\":\"Ange gardien\"}]}]}<\/script>\n<!-- \/ Yoast SEO plugin. -->","yoast_head_json":{"title":"Ange gardien - Ch\u00e2teau La roque","robots":{"index":"index","follow":"follow","max-snippet":"max-snippet:-1","max-image-preview":"max-image-preview:large","max-video-preview":"max-video-preview:-1"},"canonical":"https:\/\/www.chateau-laroque.fr\/ange-gardien\/","og_locale":"en_US","og_type":"article","og_title":"Ange gardien - Ch\u00e2teau La roque","og_description":"[vc_row][vc_column][vc_custom_heading text=&#8221;GUARDIAN ANGEL&#8221; use_theme_fonts=&#8221;yes&#8221;][vc_column_text]Located around 20 km to the north of Montpellier, Pic Saint-Loup is visible from a large part of the d\u00e9partement of the H\u00e9rault, the coastline and the Gard d\u00e9partement, from where its outline is reminiscent of an arrowhead soaring up towards the sky. It is one of the most beautiful natural and [&hellip;]","og_url":"https:\/\/www.chateau-laroque.fr\/ange-gardien\/","og_site_name":"Ch\u00e2teau La roque","article_modified_time":"2022-02-17T16:46:07+00:00","twitter_card":"summary","twitter_misc":{"Est. reading time":"5 minutes"},"schema":{"@context":"https:\/\/schema.org","@graph":[{"@type":"WebSite","@id":"https:\/\/www.chateau-laroque.fr\/#website","url":"https:\/\/www.chateau-laroque.fr\/","name":"Ch\u00e2teau La roque","description":"cru Pic Saint Loup","potentialAction":[{"@type":"SearchAction","target":{"@type":"EntryPoint","urlTemplate":"https:\/\/www.chateau-laroque.fr\/?s={search_term_string}"},"query-input":"required name=search_term_string"}],"inLanguage":"en-US"},{"@type":"WebPage","@id":"https:\/\/www.chateau-laroque.fr\/ange-gardien\/#webpage","url":"https:\/\/www.chateau-laroque.fr\/ange-gardien\/","name":"Ange gardien - Ch\u00e2teau La roque","isPartOf":{"@id":"https:\/\/www.chateau-laroque.fr\/#website"},"datePublished":"2016-03-29T13:00:15+00:00","dateModified":"2022-02-17T16:46:07+00:00","breadcrumb":{"@id":"https:\/\/www.chateau-laroque.fr\/ange-gardien\/#breadcrumb"},"inLanguage":"en-US","potentialAction":[{"@type":"ReadAction","target":["https:\/\/www.chateau-laroque.fr\/ange-gardien\/"]}]},{"@type":"BreadcrumbList","@id":"https:\/\/www.chateau-laroque.fr\/ange-gardien\/#breadcrumb","itemListElement":[{"@type":"ListItem","position":1,"name":"Home","item":"https:\/\/www.chateau-laroque.fr\/"},{"@type":"ListItem","position":2,"name":"Ange gardien"}]}]}},"_links":{"self":[{"href":"https:\/\/www.chateau-laroque.fr\/en\/wp-json\/wp\/v2\/pages\/23"}],"collection":[{"href":"https:\/\/www.chateau-laroque.fr\/en\/wp-json\/wp\/v2\/pages"}],"about":[{"href":"https:\/\/www.chateau-laroque.fr\/en\/wp-json\/wp\/v2\/types\/page"}],"author":[{"embeddable":true,"href":"https:\/\/www.chateau-laroque.fr\/en\/wp-json\/wp\/v2\/users\/1"}],"replies":[{"embeddable":true,"href":"https:\/\/www.chateau-laroque.fr\/en\/wp-json\/wp\/v2\/comments?post=23"}],"version-history":[{"count":21,"href":"https:\/\/www.chateau-laroque.fr\/en\/wp-json\/wp\/v2\/pages\/23\/revisions"}],"predecessor-version":[{"id":742,"href":"https:\/\/www.chateau-laroque.fr\/en\/wp-json\/wp\/v2\/pages\/23\/revisions\/742"}],"wp:attachment":[{"href":"https:\/\/www.chateau-laroque.fr\/en\/wp-json\/wp\/v2\/media?parent=23"}],"curies":[{"name":"wp","href":"https:\/\/api.w.org\/{rel}","templated":true}]}}