{"id":2,"date":"2016-03-22T14:16:42","date_gmt":"2016-03-22T13:16:42","guid":{"rendered":"https:\/\/www.chateau-laroque.fr\/?page_id=2"},"modified":"2022-08-31T15:17:42","modified_gmt":"2022-08-31T14:17:42","slug":"chateau-roque-cru-pic-saint-loup","status":"publish","type":"page","link":"https:\/\/www.chateau-laroque.fr\/en\/","title":{"rendered":"Ch\u00e2teau La Roque, cru Pic Saint-Loup"},"content":{"rendered":"<p>[vc_row][vc_column][rev_slider_vc alias=&#8221;slidehome_en&#8221;][vc_empty_space][vc_column_text]<strong>Ch\u00e2teau La Roque is a historic wine estate nestled in the heart of Pic Saint-Loup appellation.<\/strong><\/p>\n<p>The estate, which is located in the commune of Fontan\u00e8s, around 20 kilometres north of Montpellier, is one of the gems of this famous appellation. It consists of a single piece of land of 80 hectares, including 32 hectares of vines. On a terroir of clay and limestone scree, the terraced vineyard, with a southerly\/south-easterly aspect, forms an amphitheatre composed of different plots carved out of the scrubland. Here, nature is everywhere. The place is amazingly unspoiled, offering a unique interaction between rocks, plants, vines and woods. The remains of a feudal ch\u00e2teau proudly testify to a rich history linked to an exceptional site, at the crossroads of numerous roads travelled by man since the dawn of time. Ch\u00e2teau La Roque produces white, ros\u00e9 and red wines from vines which have been cultivated biodynamically for many years. La Roque wines are appreciated throughout the world, and the \u201cLa Cupa\u201d cuv\u00e9e is regularly acclaimed by the specialist press. The red and ros\u00e9 wines are made from Syrah, Mourv\u00e8dre and Grenache grapes, while the grape varieties grown for the white wines are Viognier, Rolle (or Vermentino) white Grenache, Roussanne and Marsanne.\u00a0Sylviane and Bertrand Barascud fell for the charm of this magical place. They have owned the estate since the summer of 2015, and with their team are striving to write a new page in the vineyard\u2019s history. They are very involved on an everyday basis, endeavouring to express the terroir and produce wines which are the most honest and successful reflection of it.[\/vc_column_text][vc_empty_space][vc_empty_space][\/vc_column][\/vc_row][vc_row][vc_column width=&#8221;1\/3&#8243;][vc_custom_heading text=&#8221;Shop&#8221; font_container=&#8221;tag:h2|text_align:center&#8221; use_theme_fonts=&#8221;yes&#8221; css=&#8221;.vc_custom_1476112161451{margin-bottom: 10px !important;padding-top: 10px !important;}&#8221;][vc_text_separator title=&#8221;&#8221; color=&#8221;chino&#8221; css=&#8221;.vc_custom_1461094460995{margin-bottom: 20px !important;}&#8221;][vc_empty_space][vc_column_text]<img src=\"https:\/\/www.chateau-laroque.fr\/wp-content\/uploads\/2016\/07\/caveau.jpg\" width=\"100%\" \/><\/p>\n<p><strong><strong>The wine tasting cellars are open from Monday to Friday between 9 am and 5 pm and on Saturdays between 10 am and 6 pm.<\/strong>\u00a0<a href=\"https:\/\/www.chateau-laroque.fr\/en\/shop\/\" target=\"_blank\" rel=\"noopener\">&gt; <\/a><\/strong><a href=\"https:\/\/www.chateau-laroque.fr\/en\/shop\/\" target=\"_blank\" rel=\"noopener\">See the shop<\/a><strong>.<\/strong>[\/vc_column_text][\/vc_column][vc_column width=&#8221;1\/3&#8243;][vc_custom_heading text=&#8221;Our wines&#8221; font_container=&#8221;tag:h2|text_align:center&#8221; use_theme_fonts=&#8221;yes&#8221; css=&#8221;.vc_custom_1476112253320{margin-bottom: 10px !important;padding-top: 10px !important;}&#8221;][vc_text_separator title=&#8221;&#8221; color=&#8221;chino&#8221; css=&#8221;.vc_custom_1461094460995{margin-bottom: 20px !important;}&#8221;][vc_column_text]<\/p>\n<p style=\"text-align: center;\"><a href=\"https:\/\/www.chateau-laroque.fr\/en\/cuvees\/\">&gt;\u00a0See more<\/a><\/p>\n<p>[\/vc_column_text]<figure class=\"sc_image  sc_image_shape_square\"><img src=\"https:\/\/www.chateau-laroque.fr\/wp-content\/uploads\/2016\/03\/Minimalist-White-Nature-Outdoor-Photo-Collage-1.jpg\" alt=\"\" \/><\/figure>[\/vc_column][vc_column width=&#8221;1\/3&#8243;][vc_custom_heading text=&#8221;News&#8221; font_container=&#8221;tag:h2|text_align:center&#8221; use_theme_fonts=&#8221;yes&#8221; css=&#8221;.vc_custom_1476112261397{margin-bottom: 10px !important;padding-top: 10px !important;}&#8221;][vc_text_separator title=&#8221;&#8221; color=&#8221;chino&#8221; css=&#8221;.vc_custom_1461094450826{margin-bottom: 20px !important;}&#8221;][vc_empty_space height=&#8221;20px&#8221;]<ul id=\"sc_blogger_2100354544\" class=\"sc_blogger layout_list_1 template_list  sc_blogger_horizontal no_description\"><li class=\"post_item sc_blogger_item post_title sc_title sc_blogger_title list_style_1_item\" style=\"margin-top:0px; padding-top:0px;padding-right:0px; padding-bottom:5px; line-height:5px\"><div class=\"post_title sc_title sc_blogger_title\"><div class=\"vc_col-sm-4\"><img class=\"wp-post-image\" alt=\"(Fran\u00e7ais) Vivez la magie des f\u00eates au Ch\u00e2teau La Roque !\" src=\"https:\/\/www.chateau-laroque.fr\/wp-content\/uploads\/2025\/11\/Untitled-design.jpg\"><\/div><div class=\"vc_col-sm-8\"><h5><a href=\"https:\/\/www.chateau-laroque.fr\/en\/vivez-la-magie-des-fetes-au-chateau-la-roque\/\">(Fran\u00e7ais) Vivez la magie des f\u00eates au Ch\u00e2teau La Roque !<\/a><\/h5><\/div><\/div><\/li><li class=\"post_item sc_blogger_item post_title sc_title sc_blogger_title list_style_1_item\" style=\"margin-top:0px; padding-top:0px;padding-right:0px; padding-bottom:5px; line-height:5px\"><div class=\"post_title sc_title sc_blogger_title\"><div class=\"vc_col-sm-4\"><img class=\"wp-post-image\" alt=\"(Fran\u00e7ais) Les Jeudis de La Roque 2025\" src=\"https:\/\/www.chateau-laroque.fr\/wp-content\/uploads\/2025\/07\/495038263_1260067365909516_7982738505280868902_n.jpg\"><\/div><div class=\"vc_col-sm-8\"><h5><a href=\"https:\/\/www.chateau-laroque.fr\/en\/les-jeudis-de-la-roque-2025\/\">(Fran\u00e7ais) Les Jeudis de La Roque 2025<\/a><\/h5><\/div><\/div><\/li><li class=\"post_item sc_blogger_item post_title sc_title sc_blogger_title list_style_1_item\" style=\"margin-top:0px; padding-top:0px;padding-right:0px; padding-bottom:5px; line-height:5px\"><div class=\"post_title sc_title sc_blogger_title\"><div class=\"vc_col-sm-4\"><img class=\"wp-post-image\" alt=\"(Fran\u00e7ais) Les Jeudis De La Roque 2024\" src=\"https:\/\/www.chateau-laroque.fr\/wp-content\/uploads\/2024\/05\/PRESENTATION-AVEC-LES-COORDONNEES.jpg\"><\/div><div class=\"vc_col-sm-8\"><h5><a href=\"https:\/\/www.chateau-laroque.fr\/en\/les-jeudis-de-la-roque-2024\/\">(Fran\u00e7ais) Les Jeudis De La Roque 2024<\/a><\/h5><\/div><\/div><\/li><li class=\"post_item sc_blogger_item post_title sc_title sc_blogger_title list_style_1_item\" style=\"margin-top:0px; padding-top:0px;padding-right:0px; padding-bottom:5px; line-height:5px\"><div class=\"post_title sc_title sc_blogger_title\"><div class=\"vc_col-sm-4\"><img class=\"wp-post-image\" alt=\"(Fran\u00e7ais) F\u00eatons nos 20 ans de biodynamie !\" src=\"https:\/\/www.chateau-laroque.fr\/wp-content\/uploads\/2024\/05\/Z9D7270-scaled.jpg\"><\/div><div class=\"vc_col-sm-8\"><h5><a href=\"https:\/\/www.chateau-laroque.fr\/en\/fetons-nos-20-ans-de-biodynamie\/\">(Fran\u00e7ais) F\u00eatons nos 20 ans de biodynamie !<\/a><\/h5><\/div><\/div><\/li><\/ul>[vc_empty_space height=&#8221;20px&#8221;][\/vc_column][\/vc_row]<\/p>","protected":false},"excerpt":{"rendered":"<p>[vc_row][vc_column][rev_slider_vc alias=&#8221;slidehome_en&#8221;][vc_empty_space][vc_column_text]Ch\u00e2teau La Roque is a historic wine estate nestled in the heart of Pic Saint-Loup appellation. The estate, which is located in the commune of Fontan\u00e8s, around 20 kilometres north of Montpellier, is one of the gems of this famous appellation. It consists of a single piece of land of 80 hectares, including 32 [&hellip;]<\/p>\n","protected":false},"author":1,"featured_media":0,"parent":0,"menu_order":0,"comment_status":"closed","ping_status":"closed","template":"","meta":[],"yoast_head":"<!-- This site is optimized with the Yoast SEO plugin v18.3 - https:\/\/yoast.com\/wordpress\/plugins\/seo\/ -->\n<title>Ch\u00e2teau La Roque, cru Pic Saint-Loup<\/title>\n<meta name=\"description\" content=\"(English) Le Ch\u00e2teau La Roque est un domaine viticole historique nich\u00e9 au c\u0153ur du Pic Saint Loup, en Languedoc. Il produit des vins blancs, ros\u00e9s et rouges qui sont issus de vignes cultiv\u00e9es en biodynamie depuis de nombreuses ann\u00e9es. Les vins sont appr\u00e9ci\u00e9s dans le monde entier et la cuv\u00e9e \u201cLa Cupa&quot; est r\u00e9guli\u00e8rement encens\u00e9e par la presse sp\u00e9cialis\u00e9e. Sylviane et Bertrand Barascud sont tomb\u00e9s sous le charme de ce lieu magique. Propri\u00e9taires du domaine depuis l\u2019\u00e9t\u00e9 2015, tr\u00e8s impliqu\u00e9s au quotidien, ils s\u2019investissent avec leur \u00e9quipe pour \u00e9crire une nouvelle page de l\u2019histoire du vignoble.\" \/>\n<meta name=\"robots\" content=\"index, follow, max-snippet:-1, max-image-preview:large, max-video-preview:-1\" \/>\n<link rel=\"canonical\" href=\"https:\/\/www.chateau-laroque.fr\/\" \/>\n<meta property=\"og:locale\" content=\"en_US\" \/>\n<meta property=\"og:type\" content=\"article\" \/>\n<meta property=\"og:title\" content=\"Ch\u00e2teau La Roque, cru Pic Saint-Loup\" \/>\n<meta property=\"og:description\" content=\"(English) Le Ch\u00e2teau La Roque est un domaine viticole historique nich\u00e9 au c\u0153ur du Pic Saint Loup, en Languedoc. Il produit des vins blancs, ros\u00e9s et rouges qui sont issus de vignes cultiv\u00e9es en biodynamie depuis de nombreuses ann\u00e9es. Les vins sont appr\u00e9ci\u00e9s dans le monde entier et la cuv\u00e9e \u201cLa Cupa&quot; est r\u00e9guli\u00e8rement encens\u00e9e par la presse sp\u00e9cialis\u00e9e. Sylviane et Bertrand Barascud sont tomb\u00e9s sous le charme de ce lieu magique. Propri\u00e9taires du domaine depuis l\u2019\u00e9t\u00e9 2015, tr\u00e8s impliqu\u00e9s au quotidien, ils s\u2019investissent avec leur \u00e9quipe pour \u00e9crire une nouvelle page de l\u2019histoire du vignoble.\" \/>\n<meta property=\"og:url\" content=\"https:\/\/www.chateau-laroque.fr\/\" \/>\n<meta property=\"og:site_name\" content=\"Ch\u00e2teau La roque\" \/>\n<meta property=\"article:modified_time\" content=\"2022-08-31T14:17:42+00:00\" \/>\n<meta property=\"og:image\" content=\"https:\/\/www.chateau-laroque.fr\/wp-content\/uploads\/2022\/06\/Caveau-de-degustation-Chateau-La-Roque-350x234.jpg\" \/>\n<meta name=\"twitter:card\" content=\"summary\" \/>\n<meta name=\"twitter:label1\" content=\"Est. reading time\" \/>\n\t<meta name=\"twitter:data1\" content=\"3 minutes\" \/>\n<script type=\"application\/ld+json\" class=\"yoast-schema-graph\">{\"@context\":\"https:\/\/schema.org\",\"@graph\":[{\"@type\":\"WebSite\",\"@id\":\"https:\/\/www.chateau-laroque.fr\/#website\",\"url\":\"https:\/\/www.chateau-laroque.fr\/\",\"name\":\"Ch\u00e2teau La roque\",\"description\":\"cru Pic Saint Loup\",\"potentialAction\":[{\"@type\":\"SearchAction\",\"target\":{\"@type\":\"EntryPoint\",\"urlTemplate\":\"https:\/\/www.chateau-laroque.fr\/?s={search_term_string}\"},\"query-input\":\"required name=search_term_string\"}],\"inLanguage\":\"en-US\"},{\"@type\":\"ImageObject\",\"@id\":\"https:\/\/www.chateau-laroque.fr\/#primaryimage\",\"inLanguage\":\"en-US\",\"url\":\"https:\/\/www.chateau-laroque.fr\/wp-content\/uploads\/2022\/06\/Caveau-de-degustation-Chateau-La-Roque-350x234.jpg\",\"contentUrl\":\"https:\/\/www.chateau-laroque.fr\/wp-content\/uploads\/2022\/06\/Caveau-de-degustation-Chateau-La-Roque-350x234.jpg\"},{\"@type\":\"WebPage\",\"@id\":\"https:\/\/www.chateau-laroque.fr\/#webpage\",\"url\":\"https:\/\/www.chateau-laroque.fr\/\",\"name\":\"Ch\u00e2teau La Roque, cru Pic Saint-Loup\",\"isPartOf\":{\"@id\":\"https:\/\/www.chateau-laroque.fr\/#website\"},\"primaryImageOfPage\":{\"@id\":\"https:\/\/www.chateau-laroque.fr\/#primaryimage\"},\"datePublished\":\"2016-03-22T13:16:42+00:00\",\"dateModified\":\"2022-08-31T14:17:42+00:00\",\"description\":\"(English) Le Ch\u00e2teau La Roque est un domaine viticole historique nich\u00e9 au c\u0153ur du Pic Saint Loup, en Languedoc. Il produit des vins blancs, ros\u00e9s et rouges qui sont issus de vignes cultiv\u00e9es en biodynamie depuis de nombreuses ann\u00e9es. Les vins sont appr\u00e9ci\u00e9s dans le monde entier et la cuv\u00e9e \u201cLa Cupa\\\" est r\u00e9guli\u00e8rement encens\u00e9e par la presse sp\u00e9cialis\u00e9e. Sylviane et Bertrand Barascud sont tomb\u00e9s sous le charme de ce lieu magique. Propri\u00e9taires du domaine depuis l\u2019\u00e9t\u00e9 2015, tr\u00e8s impliqu\u00e9s au quotidien, ils s\u2019investissent avec leur \u00e9quipe pour \u00e9crire une nouvelle page de l\u2019histoire du vignoble.\",\"breadcrumb\":{\"@id\":\"https:\/\/www.chateau-laroque.fr\/#breadcrumb\"},\"inLanguage\":\"en-US\",\"potentialAction\":[{\"@type\":\"ReadAction\",\"target\":[\"https:\/\/www.chateau-laroque.fr\/\"]}]},{\"@type\":\"BreadcrumbList\",\"@id\":\"https:\/\/www.chateau-laroque.fr\/#breadcrumb\",\"itemListElement\":[{\"@type\":\"ListItem\",\"position\":1,\"name\":\"Home\",\"item\":\"https:\/\/www.chateau-laroque.fr\/\"},{\"@type\":\"ListItem\",\"position\":2,\"name\":\"Ch\u00e2teau La Roque, cru Pic Saint-Loup\"}]}]}<\/script>\n<!-- \/ Yoast SEO plugin. -->","yoast_head_json":{"title":"Ch\u00e2teau La Roque, cru Pic Saint-Loup","description":"(English) Le Ch\u00e2teau La Roque est un domaine viticole historique nich\u00e9 au c\u0153ur du Pic Saint Loup, en Languedoc. Il produit des vins blancs, ros\u00e9s et rouges qui sont issus de vignes cultiv\u00e9es en biodynamie depuis de nombreuses ann\u00e9es. Les vins sont appr\u00e9ci\u00e9s dans le monde entier et la cuv\u00e9e \u201cLa Cupa\" est r\u00e9guli\u00e8rement encens\u00e9e par la presse sp\u00e9cialis\u00e9e. Sylviane et Bertrand Barascud sont tomb\u00e9s sous le charme de ce lieu magique. Propri\u00e9taires du domaine depuis l\u2019\u00e9t\u00e9 2015, tr\u00e8s impliqu\u00e9s au quotidien, ils s\u2019investissent avec leur \u00e9quipe pour \u00e9crire une nouvelle page de l\u2019histoire du vignoble.","robots":{"index":"index","follow":"follow","max-snippet":"max-snippet:-1","max-image-preview":"max-image-preview:large","max-video-preview":"max-video-preview:-1"},"canonical":"https:\/\/www.chateau-laroque.fr\/","og_locale":"en_US","og_type":"article","og_title":"Ch\u00e2teau La Roque, cru Pic Saint-Loup","og_description":"(English) Le Ch\u00e2teau La Roque est un domaine viticole historique nich\u00e9 au c\u0153ur du Pic Saint Loup, en Languedoc. Il produit des vins blancs, ros\u00e9s et rouges qui sont issus de vignes cultiv\u00e9es en biodynamie depuis de nombreuses ann\u00e9es. Les vins sont appr\u00e9ci\u00e9s dans le monde entier et la cuv\u00e9e \u201cLa Cupa\" est r\u00e9guli\u00e8rement encens\u00e9e par la presse sp\u00e9cialis\u00e9e. Sylviane et Bertrand Barascud sont tomb\u00e9s sous le charme de ce lieu magique. Propri\u00e9taires du domaine depuis l\u2019\u00e9t\u00e9 2015, tr\u00e8s impliqu\u00e9s au quotidien, ils s\u2019investissent avec leur \u00e9quipe pour \u00e9crire une nouvelle page de l\u2019histoire du vignoble.","og_url":"https:\/\/www.chateau-laroque.fr\/","og_site_name":"Ch\u00e2teau La roque","article_modified_time":"2022-08-31T14:17:42+00:00","og_image":[{"url":"https:\/\/www.chateau-laroque.fr\/wp-content\/uploads\/2022\/06\/Caveau-de-degustation-Chateau-La-Roque-350x234.jpg"}],"twitter_card":"summary","twitter_misc":{"Est. reading time":"3 minutes"},"schema":{"@context":"https:\/\/schema.org","@graph":[{"@type":"WebSite","@id":"https:\/\/www.chateau-laroque.fr\/#website","url":"https:\/\/www.chateau-laroque.fr\/","name":"Ch\u00e2teau La roque","description":"cru Pic Saint Loup","potentialAction":[{"@type":"SearchAction","target":{"@type":"EntryPoint","urlTemplate":"https:\/\/www.chateau-laroque.fr\/?s={search_term_string}"},"query-input":"required name=search_term_string"}],"inLanguage":"en-US"},{"@type":"ImageObject","@id":"https:\/\/www.chateau-laroque.fr\/#primaryimage","inLanguage":"en-US","url":"https:\/\/www.chateau-laroque.fr\/wp-content\/uploads\/2022\/06\/Caveau-de-degustation-Chateau-La-Roque-350x234.jpg","contentUrl":"https:\/\/www.chateau-laroque.fr\/wp-content\/uploads\/2022\/06\/Caveau-de-degustation-Chateau-La-Roque-350x234.jpg"},{"@type":"WebPage","@id":"https:\/\/www.chateau-laroque.fr\/#webpage","url":"https:\/\/www.chateau-laroque.fr\/","name":"Ch\u00e2teau La Roque, cru Pic Saint-Loup","isPartOf":{"@id":"https:\/\/www.chateau-laroque.fr\/#website"},"primaryImageOfPage":{"@id":"https:\/\/www.chateau-laroque.fr\/#primaryimage"},"datePublished":"2016-03-22T13:16:42+00:00","dateModified":"2022-08-31T14:17:42+00:00","description":"(English) Le Ch\u00e2teau La Roque est un domaine viticole historique nich\u00e9 au c\u0153ur du Pic Saint Loup, en Languedoc. Il produit des vins blancs, ros\u00e9s et rouges qui sont issus de vignes cultiv\u00e9es en biodynamie depuis de nombreuses ann\u00e9es. Les vins sont appr\u00e9ci\u00e9s dans le monde entier et la cuv\u00e9e \u201cLa Cupa\" est r\u00e9guli\u00e8rement encens\u00e9e par la presse sp\u00e9cialis\u00e9e. Sylviane et Bertrand Barascud sont tomb\u00e9s sous le charme de ce lieu magique. Propri\u00e9taires du domaine depuis l\u2019\u00e9t\u00e9 2015, tr\u00e8s impliqu\u00e9s au quotidien, ils s\u2019investissent avec leur \u00e9quipe pour \u00e9crire une nouvelle page de l\u2019histoire du vignoble.","breadcrumb":{"@id":"https:\/\/www.chateau-laroque.fr\/#breadcrumb"},"inLanguage":"en-US","potentialAction":[{"@type":"ReadAction","target":["https:\/\/www.chateau-laroque.fr\/"]}]},{"@type":"BreadcrumbList","@id":"https:\/\/www.chateau-laroque.fr\/#breadcrumb","itemListElement":[{"@type":"ListItem","position":1,"name":"Home","item":"https:\/\/www.chateau-laroque.fr\/"},{"@type":"ListItem","position":2,"name":"Ch\u00e2teau La Roque, cru Pic Saint-Loup"}]}]}},"_links":{"self":[{"href":"https:\/\/www.chateau-laroque.fr\/en\/wp-json\/wp\/v2\/pages\/2"}],"collection":[{"href":"https:\/\/www.chateau-laroque.fr\/en\/wp-json\/wp\/v2\/pages"}],"about":[{"href":"https:\/\/www.chateau-laroque.fr\/en\/wp-json\/wp\/v2\/types\/page"}],"author":[{"embeddable":true,"href":"https:\/\/www.chateau-laroque.fr\/en\/wp-json\/wp\/v2\/users\/1"}],"replies":[{"embeddable":true,"href":"https:\/\/www.chateau-laroque.fr\/en\/wp-json\/wp\/v2\/comments?post=2"}],"version-history":[{"count":87,"href":"https:\/\/www.chateau-laroque.fr\/en\/wp-json\/wp\/v2\/pages\/2\/revisions"}],"predecessor-version":[{"id":1918,"href":"https:\/\/www.chateau-laroque.fr\/en\/wp-json\/wp\/v2\/pages\/2\/revisions\/1918"}],"wp:attachment":[{"href":"https:\/\/www.chateau-laroque.fr\/en\/wp-json\/wp\/v2\/media?parent=2"}],"curies":[{"name":"wp","href":"https:\/\/api.w.org\/{rel}","templated":true}]}}