{"id":19,"date":"2016-03-29T13:59:46","date_gmt":"2016-03-29T12:59:46","guid":{"rendered":"https:\/\/www.chateau-laroque.fr\/?page_id=19"},"modified":"2022-02-17T17:46:08","modified_gmt":"2022-02-17T16:46:08","slug":"histoire","status":"publish","type":"page","link":"https:\/\/www.chateau-laroque.fr\/en\/histoire\/","title":{"rendered":"Histoire"},"content":{"rendered":"<p>[vc_row][vc_column][vc_custom_heading text=&#8221;HISTORY &#8221; use_theme_fonts=&#8221;yes&#8221;][vc_column_text]<\/p>\n<h4><strong>In the eighth century, Ch\u00e2teau La Roque was at one of the crossroads of traffic routes between the Camargue and the C\u00e9vennes. The Benedictine monks tell us (see the cartulary of Maguelonne) of the importance of building a fortification in order to control the intersection of these roads. The ch\u00e2teau then belonged to the family of Bermont d\u2019Anduze, who were dispossessed of it in 1229 by the French crown at the end of the war against the Cathars.<\/strong><\/h4>\n<h4><strong>\u00a0<\/strong><\/h4>\n<p>[\/vc_column_text][vc_empty_space][\/vc_column][\/vc_row][vc_row][vc_column width=&#8221;1\/2&#8243;]<figure class=\"sc_image  sc_image_shape_square\" style=\"width:600px;\"><img src=\"https:\/\/www.chateau-laroque.fr\/wp-content\/uploads\/2016\/06\/chateau_la_roque_nous_decouvrir_histoire_2_2-600x443.jpg\" alt=\"\" \/><\/figure>[vc_column_text]<em>Coats of arms of the La Roques of the house of Couloubrines.<\/em><\/p>\n<p class=\"p1\"><span class=\"s1\">\u00a0<\/span><\/p>\n<p>[\/vc_column_text][vc_empty_space height=&#8221;5px&#8221;][\/vc_column][vc_column width=&#8221;1\/2&#8243;][vc_column_text]In 1259, two noblemen, the brothers Jean and Guilhaume de la Roque, became owners of the land and grew vines on the slopes of the hill which sheltered le Nanse (a farm).<\/p>\n<p>In 1426, Firmin de La Roque acquired a glass works on the Couloubrine site, in the name of his family. He then brought a new dimension to the vine growing tradition: \u201cthe marriage between glass and wine\u201d. This new dynasty of the \u201cde La Roques of Couloubrine\u201d ruled over the estate until the end of the 17th century.<\/p>\n<p>A line of wine-growers have continued, until nowadays, to cultivate on this terroir those beautiful ripe fruits which give the wines of Ch\u00e2teau La Roque their unique character.<\/p>\n<p><strong>The blazon (coat of arms) and the \u201cLa Roque\u201d gentlemen glassmakers\u2019 motto are \u201cazure with rocks argent placed fesswise and \u201cAdversis duro&#8221;.<\/strong>[\/vc_column_text][\/vc_column][\/vc_row][vc_row][vc_column][vc_empty_space height=&#8221;50px&#8221;][\/vc_column][\/vc_row][vc_row][vc_column width=&#8221;1\/2&#8243;]<figure class=\"sc_image  sc_image_shape_square\" style=\"width:100%;\"><img src=\"https:\/\/www.chateau-laroque.fr\/wp-content\/uploads\/2016\/06\/chateau_la_roque_nous_decouvrir_histoire_1_3.jpg\" alt=\"\" \/><\/figure>[vc_column_text]<\/p>\n<p class=\"p1\"><span class=\"s1\"><i>\u00a0<\/i><\/span><\/p>\n<p><em>Coat of arms of La Roque, gentlemen glassmakers of the Languedoc \u201cAzur with two rocks argent face to face\u201d.<\/em><\/p>\n<p class=\"p1\"><span class=\"s1\"><i>\u00a0<\/i><\/span><\/p>\n<p>[\/vc_column_text]<figure class=\"sc_image  sc_image_shape_square\"><img src=\"https:\/\/www.chateau-laroque.fr\/wp-content\/uploads\/2016\/06\/Chateau_la_roque_nous_decouvrir_histoire_3_1.jpg\" alt=\"\" \/><\/figure>[vc_column_text]The identity of Ch\u00e2teau La Roque, a tribute to the history of our ancestors[\/vc_column_text][\/vc_column][vc_column width=&#8221;1\/2&#8243;][vc_column_text]Louis de La Roque, highly qualified to speak about all this as he was a member of the La Roque family of gentlemen glassmakers and was the author of the Armorial de la noblesse de Languedoc \u2013 G\u00e9n\u00e9ralit\u00e9 de Montpellier published in Montpellier in 1860, carefully noted in the \u201cLa Roque\u201d article, that the arms of his family were azure with rocks argent placed fesswise.<br \/>\nThe noble family of La Roque (nobility of feudal extraction) seems to have been known from the 11th century onwards thanks to Hugues de la Roque who around 1090 married Guillemette, the daughter of the Vicomte de N\u00eemes and d\u2019Alby and widow of the Vicomte de B\u00e9ziers.<br \/>\nThen, in the 15th century, the La Roque family divided into three branches which spread into the Languedoc, the Auvergne and the Vivarais regions.<\/p>\n<p>&#8211; <strong>The Couloubrines branch<\/strong> (whose origins are known from the 15th century onwards and which died out in the 19th century).[\/vc_column_text][vc_column_text]<strong>&#8211; The Mazel branch<\/strong> and later that of Montel (disappeared since the 19th century).<br \/>\n<strong>&#8211; The Vivarais branch<\/strong> (founded by Pierre de La Roque, in the 17th century), is the only one which currently exists.<\/p>\n<p>Their noble status was maintained by M. de Bezons, Intendant of Languedoc, during the verification of evidence of nobility in 1668, 1669 and 1670.<\/p>\n<p>The arms are surmounted with a Marquis\u2019s crown. The origin of this crown seems to go back to the middle of the 18th century. According to \u201cthe Code of French Nobility\u201d, the raising of a marquisate required three baronies with their castellanies united, granted by the king in return for a single act of homage.[\/vc_column_text][vc_empty_space][vc_column_text]The La Roque family have a single heraldic motto and several coats of arms. The motto \u201cAdversis Duro\u201d means \u201cI face up to adversity\u201d and relates to the arms referred to as \u201ctalking\u201d (i.e. phonetic) which are the two rocks. According to the Catalogue des gentilshommes du Languedoc , repeated in L. de Roque\u2019s Armorial du Languedoc, this first coat of arms is described in the following way: Azure (blue) with two rocks argent (white) placed fesswise. It also added: alias azure with a heart and two pine cones of the same (colour) attached to the heart by two cords gules (red). The last description is the one by Saint-Quirin and is certainly earlier than the first. The two rocks were borne by the La Roques of the Languedoc (branches died out).<\/p>\n<p>Another coat of arms has existed since a certain Pierre de La Roque (17th century) who moved to the Auvergne and then to Vivarais and who wanted to distinguish himself from the other branches: Or (yellow) with in its centre a heart gules (red), to which two pine cones vert are attached at the ends of two cords of the same colour, with a chief (top part of the escutcheon) charged with 3 honey bees sable (black bees) sewn with silver thread. The following was also added: alias azure with two rocks placed fesswise.[\/vc_column_text][\/vc_column][\/vc_row][vc_row][vc_column][vc_empty_space][\/vc_column][\/vc_row]<\/p>","protected":false},"excerpt":{"rendered":"<p>[vc_row][vc_column][vc_custom_heading text=&#8221;HISTORY &#8221; use_theme_fonts=&#8221;yes&#8221;][vc_column_text] In the eighth century, Ch\u00e2teau La Roque was at one of the crossroads of traffic routes between the Camargue and the C\u00e9vennes. The Benedictine monks tell us (see the cartulary of Maguelonne) of the importance of building a fortification in order to control the intersection of these roads. The ch\u00e2teau then [&hellip;]<\/p>\n","protected":false},"author":1,"featured_media":0,"parent":0,"menu_order":0,"comment_status":"closed","ping_status":"closed","template":"","meta":[],"yoast_head":"<!-- This site is optimized with the Yoast SEO plugin v18.3 - https:\/\/yoast.com\/wordpress\/plugins\/seo\/ -->\n<title>Histoire - Ch\u00e2teau La roque<\/title>\n<meta name=\"robots\" content=\"index, follow, max-snippet:-1, max-image-preview:large, max-video-preview:-1\" \/>\n<link rel=\"canonical\" href=\"https:\/\/www.chateau-laroque.fr\/histoire\/\" \/>\n<meta property=\"og:locale\" content=\"en_US\" \/>\n<meta property=\"og:type\" content=\"article\" \/>\n<meta property=\"og:title\" content=\"Histoire - Ch\u00e2teau La roque\" \/>\n<meta property=\"og:description\" content=\"[vc_row][vc_column][vc_custom_heading text=&#8221;HISTORY &#8221; use_theme_fonts=&#8221;yes&#8221;][vc_column_text] In the eighth century, Ch\u00e2teau La Roque was at one of the crossroads of traffic routes between the Camargue and the C\u00e9vennes. The Benedictine monks tell us (see the cartulary of Maguelonne) of the importance of building a fortification in order to control the intersection of these roads. The ch\u00e2teau then [&hellip;]\" \/>\n<meta property=\"og:url\" content=\"https:\/\/www.chateau-laroque.fr\/histoire\/\" \/>\n<meta property=\"og:site_name\" content=\"Ch\u00e2teau La roque\" \/>\n<meta property=\"article:modified_time\" content=\"2022-02-17T16:46:08+00:00\" \/>\n<meta name=\"twitter:card\" content=\"summary\" \/>\n<meta name=\"twitter:label1\" content=\"Est. reading time\" \/>\n\t<meta name=\"twitter:data1\" content=\"9 minutes\" \/>\n<script type=\"application\/ld+json\" class=\"yoast-schema-graph\">{\"@context\":\"https:\/\/schema.org\",\"@graph\":[{\"@type\":\"WebSite\",\"@id\":\"https:\/\/www.chateau-laroque.fr\/#website\",\"url\":\"https:\/\/www.chateau-laroque.fr\/\",\"name\":\"Ch\u00e2teau La roque\",\"description\":\"cru Pic Saint Loup\",\"potentialAction\":[{\"@type\":\"SearchAction\",\"target\":{\"@type\":\"EntryPoint\",\"urlTemplate\":\"https:\/\/www.chateau-laroque.fr\/?s={search_term_string}\"},\"query-input\":\"required name=search_term_string\"}],\"inLanguage\":\"en-US\"},{\"@type\":\"WebPage\",\"@id\":\"https:\/\/www.chateau-laroque.fr\/histoire\/#webpage\",\"url\":\"https:\/\/www.chateau-laroque.fr\/histoire\/\",\"name\":\"Histoire - Ch\u00e2teau La roque\",\"isPartOf\":{\"@id\":\"https:\/\/www.chateau-laroque.fr\/#website\"},\"datePublished\":\"2016-03-29T12:59:46+00:00\",\"dateModified\":\"2022-02-17T16:46:08+00:00\",\"breadcrumb\":{\"@id\":\"https:\/\/www.chateau-laroque.fr\/histoire\/#breadcrumb\"},\"inLanguage\":\"en-US\",\"potentialAction\":[{\"@type\":\"ReadAction\",\"target\":[\"https:\/\/www.chateau-laroque.fr\/histoire\/\"]}]},{\"@type\":\"BreadcrumbList\",\"@id\":\"https:\/\/www.chateau-laroque.fr\/histoire\/#breadcrumb\",\"itemListElement\":[{\"@type\":\"ListItem\",\"position\":1,\"name\":\"Home\",\"item\":\"https:\/\/www.chateau-laroque.fr\/\"},{\"@type\":\"ListItem\",\"position\":2,\"name\":\"Histoire\"}]}]}<\/script>\n<!-- \/ Yoast SEO plugin. -->","yoast_head_json":{"title":"Histoire - Ch\u00e2teau La roque","robots":{"index":"index","follow":"follow","max-snippet":"max-snippet:-1","max-image-preview":"max-image-preview:large","max-video-preview":"max-video-preview:-1"},"canonical":"https:\/\/www.chateau-laroque.fr\/histoire\/","og_locale":"en_US","og_type":"article","og_title":"Histoire - Ch\u00e2teau La roque","og_description":"[vc_row][vc_column][vc_custom_heading text=&#8221;HISTORY &#8221; use_theme_fonts=&#8221;yes&#8221;][vc_column_text] In the eighth century, Ch\u00e2teau La Roque was at one of the crossroads of traffic routes between the Camargue and the C\u00e9vennes. The Benedictine monks tell us (see the cartulary of Maguelonne) of the importance of building a fortification in order to control the intersection of these roads. The ch\u00e2teau then [&hellip;]","og_url":"https:\/\/www.chateau-laroque.fr\/histoire\/","og_site_name":"Ch\u00e2teau La roque","article_modified_time":"2022-02-17T16:46:08+00:00","twitter_card":"summary","twitter_misc":{"Est. reading time":"9 minutes"},"schema":{"@context":"https:\/\/schema.org","@graph":[{"@type":"WebSite","@id":"https:\/\/www.chateau-laroque.fr\/#website","url":"https:\/\/www.chateau-laroque.fr\/","name":"Ch\u00e2teau La roque","description":"cru Pic Saint Loup","potentialAction":[{"@type":"SearchAction","target":{"@type":"EntryPoint","urlTemplate":"https:\/\/www.chateau-laroque.fr\/?s={search_term_string}"},"query-input":"required name=search_term_string"}],"inLanguage":"en-US"},{"@type":"WebPage","@id":"https:\/\/www.chateau-laroque.fr\/histoire\/#webpage","url":"https:\/\/www.chateau-laroque.fr\/histoire\/","name":"Histoire - Ch\u00e2teau La roque","isPartOf":{"@id":"https:\/\/www.chateau-laroque.fr\/#website"},"datePublished":"2016-03-29T12:59:46+00:00","dateModified":"2022-02-17T16:46:08+00:00","breadcrumb":{"@id":"https:\/\/www.chateau-laroque.fr\/histoire\/#breadcrumb"},"inLanguage":"en-US","potentialAction":[{"@type":"ReadAction","target":["https:\/\/www.chateau-laroque.fr\/histoire\/"]}]},{"@type":"BreadcrumbList","@id":"https:\/\/www.chateau-laroque.fr\/histoire\/#breadcrumb","itemListElement":[{"@type":"ListItem","position":1,"name":"Home","item":"https:\/\/www.chateau-laroque.fr\/"},{"@type":"ListItem","position":2,"name":"Histoire"}]}]}},"_links":{"self":[{"href":"https:\/\/www.chateau-laroque.fr\/en\/wp-json\/wp\/v2\/pages\/19"}],"collection":[{"href":"https:\/\/www.chateau-laroque.fr\/en\/wp-json\/wp\/v2\/pages"}],"about":[{"href":"https:\/\/www.chateau-laroque.fr\/en\/wp-json\/wp\/v2\/types\/page"}],"author":[{"embeddable":true,"href":"https:\/\/www.chateau-laroque.fr\/en\/wp-json\/wp\/v2\/users\/1"}],"replies":[{"embeddable":true,"href":"https:\/\/www.chateau-laroque.fr\/en\/wp-json\/wp\/v2\/comments?post=19"}],"version-history":[{"count":33,"href":"https:\/\/www.chateau-laroque.fr\/en\/wp-json\/wp\/v2\/pages\/19\/revisions"}],"predecessor-version":[{"id":738,"href":"https:\/\/www.chateau-laroque.fr\/en\/wp-json\/wp\/v2\/pages\/19\/revisions\/738"}],"wp:attachment":[{"href":"https:\/\/www.chateau-laroque.fr\/en\/wp-json\/wp\/v2\/media?parent=19"}],"curies":[{"name":"wp","href":"https:\/\/api.w.org\/{rel}","templated":true}]}}