{"id":1893,"date":"2022-04-11T13:35:37","date_gmt":"2022-04-11T12:35:37","guid":{"rendered":"https:\/\/www.chateau-laroque.fr\/?page_id=1893"},"modified":"2022-04-11T13:44:04","modified_gmt":"2022-04-11T12:44:04","slug":"mentions-legales","status":"publish","type":"page","link":"https:\/\/www.chateau-laroque.fr\/en\/mentions-legales\/","title":{"rendered":"(Fran\u00e7ais) Mentions l\u00e9gales"},"content":{"rendered":"<p>[vc_row][vc_column][vc_custom_heading text=&#8221;Mentions l\u00e9gales&#8221; use_theme_fonts=&#8221;yes&#8221;][\/vc_column][\/vc_row][vc_row][vc_column][vc_column_text]<\/p>\n<div class=\"page-box-content\">\n<div class=\"container\">\n<div class=\"wpb_row vc_row vc_row-fluid\">\n<div class=\"wpb_column vc_column_container vc_col-sm-12\">\n<div class=\"vc_column-inner\">\n<div class=\"wpb_wrapper\">\n<div class=\"wpb_text_column wpb_content_element\">\n<div class=\"wpb_wrapper\">\n<p class=\"p1\">Le propri\u00e9taire et \u00e9diteur de ce site internet est le Ch\u00e2teau La Roque ayant son si\u00e8ge social 2 chemin de Saint Mathieu, 34270 Fontan\u00e8s.<br class=\"\" \/>T\u00e9l. +33 (0)4 67 55 34 47<\/p>\n<p class=\"p1\"><strong class=\"\">Directeur de la publication\u00a0: Bertrand Barascud<\/strong><\/p>\n<p class=\"p1\">Les textes, les illustrations, les \u0153uvres photographiques, pr\u00e9sent\u00e9s sur ce site sont prot\u00e9g\u00e9s par le Code de la propri\u00e9t\u00e9 intellectuelle et les conventions internationales en mati\u00e8re de propri\u00e9t\u00e9 litt\u00e9raire et artistique, et ne peuvent \u00eatre utilis\u00e9s, reproduits, repr\u00e9sent\u00e9s, adapt\u00e9s ou copi\u00e9s, en tout ou partie, sous quelque forme, par tout proc\u00e9d\u00e9 existant ou \u00e0 venir, en\u00a0quelque lieu que ce soit, sans notre accord.<\/p>\n<p class=\"p1\">\u00a0En cas de litige, le tribunal de Montpellier serait comp\u00e9tent.<\/p>\n<p class=\"p1\"><b class=\"\"><br class=\"\" \/><\/b><strong class=\"\">H\u00e9bergement<\/strong><b class=\"\"><br class=\"\" \/><\/b>OVH<br class=\"\" \/><a class=\"\" href=\"http:\/\/www.ovh.com\/\">www.ovh.com<\/a><\/p>\n<p class=\"p1\"><strong class=\"\">Conception du site<\/strong><br class=\"\" \/>made in mouse\u00ae<br class=\"\" \/><a class=\"\" href=\"http:\/\/www.madeinmouse.com\/\">www.madeinmouse.com<\/a><\/p>\n<p class=\"\"><b class=\"\">Cr\u00e9dits photos<\/b><br class=\"\" \/>R\u00e9gis Domergue<\/p>\n<\/div>\n<\/div>\n<\/div>\n<\/div>\n<\/div>\n<\/div>\n<\/div>\n<\/div>\n<div class=\"\">\n<div class=\"\">\n<div class=\"\">\n<div class=\"\"><\/div>\n<\/div>\n<\/div>\n<\/div>\n<p>[\/vc_column_text][\/vc_column][\/vc_row]<\/p>\n","protected":false},"excerpt":{"rendered":"<p>[vc_row][vc_column][vc_custom_heading text=&#8221;Mentions l\u00e9gales&#8221; use_theme_fonts=&#8221;yes&#8221;][\/vc_column][\/vc_row][vc_row][vc_column][vc_column_text] Le propri\u00e9taire et \u00e9diteur de ce site internet est le Ch\u00e2teau La Roque ayant son si\u00e8ge social 2 chemin de Saint Mathieu, 34270 Fontan\u00e8s.T\u00e9l. +33 (0)4 67 55 34 47 Directeur de la publication\u00a0: Bertrand Barascud Les textes, les illustrations, les \u0153uvres photographiques, pr\u00e9sent\u00e9s sur ce site sont prot\u00e9g\u00e9s par le [&hellip;]<\/p>\n","protected":false},"author":1,"featured_media":0,"parent":0,"menu_order":0,"comment_status":"closed","ping_status":"closed","template":"","meta":[],"yoast_head":"<!-- This site is optimized with the Yoast SEO plugin v18.3 - https:\/\/yoast.com\/wordpress\/plugins\/seo\/ -->\n<title>(Fran\u00e7ais) Mentions l\u00e9gales - Ch\u00e2teau La roque<\/title>\n<meta name=\"robots\" content=\"index, follow, max-snippet:-1, max-image-preview:large, max-video-preview:-1\" \/>\n<link rel=\"canonical\" href=\"https:\/\/www.chateau-laroque.fr\/mentions-legales\/\" \/>\n<meta property=\"og:locale\" content=\"en_US\" \/>\n<meta property=\"og:type\" content=\"article\" \/>\n<meta property=\"og:title\" content=\"(Fran\u00e7ais) Mentions l\u00e9gales - Ch\u00e2teau La roque\" \/>\n<meta property=\"og:description\" content=\"[vc_row][vc_column][vc_custom_heading text=&#8221;Mentions l\u00e9gales&#8221; use_theme_fonts=&#8221;yes&#8221;][\/vc_column][\/vc_row][vc_row][vc_column][vc_column_text] Le propri\u00e9taire et \u00e9diteur de ce site internet est le Ch\u00e2teau La Roque ayant son si\u00e8ge social 2 chemin de Saint Mathieu, 34270 Fontan\u00e8s.T\u00e9l. +33 (0)4 67 55 34 47 Directeur de la publication\u00a0: Bertrand Barascud Les textes, les illustrations, les \u0153uvres photographiques, pr\u00e9sent\u00e9s sur ce site sont prot\u00e9g\u00e9s par le [&hellip;]\" \/>\n<meta property=\"og:url\" content=\"https:\/\/www.chateau-laroque.fr\/mentions-legales\/\" \/>\n<meta property=\"og:site_name\" content=\"Ch\u00e2teau La roque\" \/>\n<meta property=\"article:modified_time\" content=\"2022-04-11T12:44:04+00:00\" \/>\n<meta name=\"twitter:card\" content=\"summary\" \/>\n<meta name=\"twitter:label1\" content=\"Est. reading time\" \/>\n\t<meta name=\"twitter:data1\" content=\"1 minute\" \/>\n<script type=\"application\/ld+json\" class=\"yoast-schema-graph\">{\"@context\":\"https:\/\/schema.org\",\"@graph\":[{\"@type\":\"WebSite\",\"@id\":\"https:\/\/www.chateau-laroque.fr\/#website\",\"url\":\"https:\/\/www.chateau-laroque.fr\/\",\"name\":\"Ch\u00e2teau La roque\",\"description\":\"cru Pic Saint Loup\",\"potentialAction\":[{\"@type\":\"SearchAction\",\"target\":{\"@type\":\"EntryPoint\",\"urlTemplate\":\"https:\/\/www.chateau-laroque.fr\/?s={search_term_string}\"},\"query-input\":\"required name=search_term_string\"}],\"inLanguage\":\"en-US\"},{\"@type\":\"WebPage\",\"@id\":\"https:\/\/www.chateau-laroque.fr\/mentions-legales\/#webpage\",\"url\":\"https:\/\/www.chateau-laroque.fr\/mentions-legales\/\",\"name\":\"(Fran\u00e7ais) Mentions l\u00e9gales - Ch\u00e2teau La roque\",\"isPartOf\":{\"@id\":\"https:\/\/www.chateau-laroque.fr\/#website\"},\"datePublished\":\"2022-04-11T12:35:37+00:00\",\"dateModified\":\"2022-04-11T12:44:04+00:00\",\"breadcrumb\":{\"@id\":\"https:\/\/www.chateau-laroque.fr\/mentions-legales\/#breadcrumb\"},\"inLanguage\":\"en-US\",\"potentialAction\":[{\"@type\":\"ReadAction\",\"target\":[\"https:\/\/www.chateau-laroque.fr\/mentions-legales\/\"]}]},{\"@type\":\"BreadcrumbList\",\"@id\":\"https:\/\/www.chateau-laroque.fr\/mentions-legales\/#breadcrumb\",\"itemListElement\":[{\"@type\":\"ListItem\",\"position\":1,\"name\":\"Home\",\"item\":\"https:\/\/www.chateau-laroque.fr\/\"},{\"@type\":\"ListItem\",\"position\":2,\"name\":\"Mentions l\u00e9gales\"}]}]}<\/script>\n<!-- \/ Yoast SEO plugin. -->","yoast_head_json":{"title":"(Fran\u00e7ais) Mentions l\u00e9gales - Ch\u00e2teau La roque","robots":{"index":"index","follow":"follow","max-snippet":"max-snippet:-1","max-image-preview":"max-image-preview:large","max-video-preview":"max-video-preview:-1"},"canonical":"https:\/\/www.chateau-laroque.fr\/mentions-legales\/","og_locale":"en_US","og_type":"article","og_title":"(Fran\u00e7ais) Mentions l\u00e9gales - Ch\u00e2teau La roque","og_description":"[vc_row][vc_column][vc_custom_heading text=&#8221;Mentions l\u00e9gales&#8221; use_theme_fonts=&#8221;yes&#8221;][\/vc_column][\/vc_row][vc_row][vc_column][vc_column_text] Le propri\u00e9taire et \u00e9diteur de ce site internet est le Ch\u00e2teau La Roque ayant son si\u00e8ge social 2 chemin de Saint Mathieu, 34270 Fontan\u00e8s.T\u00e9l. +33 (0)4 67 55 34 47 Directeur de la publication\u00a0: Bertrand Barascud Les textes, les illustrations, les \u0153uvres photographiques, pr\u00e9sent\u00e9s sur ce site sont prot\u00e9g\u00e9s par le [&hellip;]","og_url":"https:\/\/www.chateau-laroque.fr\/mentions-legales\/","og_site_name":"Ch\u00e2teau La roque","article_modified_time":"2022-04-11T12:44:04+00:00","twitter_card":"summary","twitter_misc":{"Est. reading time":"1 minute"},"schema":{"@context":"https:\/\/schema.org","@graph":[{"@type":"WebSite","@id":"https:\/\/www.chateau-laroque.fr\/#website","url":"https:\/\/www.chateau-laroque.fr\/","name":"Ch\u00e2teau La roque","description":"cru Pic Saint Loup","potentialAction":[{"@type":"SearchAction","target":{"@type":"EntryPoint","urlTemplate":"https:\/\/www.chateau-laroque.fr\/?s={search_term_string}"},"query-input":"required name=search_term_string"}],"inLanguage":"en-US"},{"@type":"WebPage","@id":"https:\/\/www.chateau-laroque.fr\/mentions-legales\/#webpage","url":"https:\/\/www.chateau-laroque.fr\/mentions-legales\/","name":"(Fran\u00e7ais) Mentions l\u00e9gales - Ch\u00e2teau La roque","isPartOf":{"@id":"https:\/\/www.chateau-laroque.fr\/#website"},"datePublished":"2022-04-11T12:35:37+00:00","dateModified":"2022-04-11T12:44:04+00:00","breadcrumb":{"@id":"https:\/\/www.chateau-laroque.fr\/mentions-legales\/#breadcrumb"},"inLanguage":"en-US","potentialAction":[{"@type":"ReadAction","target":["https:\/\/www.chateau-laroque.fr\/mentions-legales\/"]}]},{"@type":"BreadcrumbList","@id":"https:\/\/www.chateau-laroque.fr\/mentions-legales\/#breadcrumb","itemListElement":[{"@type":"ListItem","position":1,"name":"Home","item":"https:\/\/www.chateau-laroque.fr\/"},{"@type":"ListItem","position":2,"name":"Mentions l\u00e9gales"}]}]}},"_links":{"self":[{"href":"https:\/\/www.chateau-laroque.fr\/en\/wp-json\/wp\/v2\/pages\/1893"}],"collection":[{"href":"https:\/\/www.chateau-laroque.fr\/en\/wp-json\/wp\/v2\/pages"}],"about":[{"href":"https:\/\/www.chateau-laroque.fr\/en\/wp-json\/wp\/v2\/types\/page"}],"author":[{"embeddable":true,"href":"https:\/\/www.chateau-laroque.fr\/en\/wp-json\/wp\/v2\/users\/1"}],"replies":[{"embeddable":true,"href":"https:\/\/www.chateau-laroque.fr\/en\/wp-json\/wp\/v2\/comments?post=1893"}],"version-history":[{"count":4,"href":"https:\/\/www.chateau-laroque.fr\/en\/wp-json\/wp\/v2\/pages\/1893\/revisions"}],"predecessor-version":[{"id":1897,"href":"https:\/\/www.chateau-laroque.fr\/en\/wp-json\/wp\/v2\/pages\/1893\/revisions\/1897"}],"wp:attachment":[{"href":"https:\/\/www.chateau-laroque.fr\/en\/wp-json\/wp\/v2\/media?parent=1893"}],"curies":[{"name":"wp","href":"https:\/\/api.w.org\/{rel}","templated":true}]}}