{"id":1480,"date":"2019-03-08T10:59:40","date_gmt":"2019-03-08T09:59:40","guid":{"rendered":"https:\/\/www.chateau-laroque.fr\/?page_id=1480"},"modified":"2023-03-28T14:52:10","modified_gmt":"2023-03-28T13:52:10","slug":"activites-sur-le-domaine","status":"publish","type":"page","link":"https:\/\/www.chateau-laroque.fr\/en\/activites-sur-le-domaine\/","title":{"rendered":"Onsite activities"},"content":{"rendered":"<p>[vc_row][vc_column][vc_custom_heading text=&#8221;Activit\u00e9s sur le domaine&#8221; use_theme_fonts=&#8221;yes&#8221;][vc_column_text]<\/p>\n<p class=\"p1\"><b class=\"\">Pour renforcer les liens au sein d\u2019un groupe, quoi de mieux qu&#8217;un moment de d\u00e9couverte et de partage dans un cadre naturel d\u2019exception\u00a0? Vous appr\u00e9cierez en particulier des exp\u00e9riences uniques et conviviales autour du vin, de la nature et de l\u2019histoire du\u00a0domaine.<\/b><\/p>\n<p>[\/vc_column_text][vc_empty_space][\/vc_column][\/vc_row][vc_row equal_height=&#8221;yes&#8221; content_placement=&#8221;middle&#8221;][vc_column width=&#8221;1\/2&#8243;][vc_empty_space height=&#8221;5px&#8221;][vc_gallery interval=&#8221;0&#8243; images=&#8221;1505,1506&#8243; img_size=&#8221;full&#8221;][\/vc_column][vc_column width=&#8221;1\/2&#8243;][vc_column_text]<\/p>\n<h3 class=\"p1\"><b>Visite du domaine et d\u00e9gustation<\/b><\/h3>\n<p class=\"p2\">Rendez-vous au c\u0153ur du pic Saint-Loup pour une visite guid\u00e9e du domaine en passant par le chai, suivie d&#8217;une d\u00e9gustation de nos diff\u00e9rentes cuv\u00e9es.<\/p>\n<p class=\"p2\">Dur\u00e9e de la visite : 1H<\/p>\n<p>[\/vc_column_text][vc_empty_space][\/vc_column][\/vc_row][vc_row equal_height=&#8221;yes&#8221; content_placement=&#8221;middle&#8221;][vc_column width=&#8221;1\/2&#8243;][vc_empty_space height=&#8221;5px&#8221;][vc_gallery interval=&#8221;0&#8243; images=&#8221;1488,1513&#8243; img_size=&#8221;full&#8221;][\/vc_column][vc_column width=&#8221;1\/2&#8243;][vc_column_text]<\/p>\n<h3 class=\"p1\"><b>Balades amp\u00e9lographiques<\/b><\/h3>\n<p class=\"p2\">Entre garrigue et oliviers, d\u00e9couvrez de mani\u00e8re ludique l&#8217;histoire de la vigne et de nos diff\u00e9rents c\u00e9pages. Enfilez vos baskets et retracez le chemin du vin, de la vigne au verre.<\/p>\n<p>Dur\u00e9e de la balade : 2H[\/vc_column_text][vc_empty_space][\/vc_column][\/vc_row][vc_row equal_height=&#8221;yes&#8221; content_placement=&#8221;middle&#8221;][vc_column width=&#8221;1\/2&#8243;][vc_gallery interval=&#8221;0&#8243; images=&#8221;1492,1493&#8243; img_size=&#8221;full&#8221;][vc_empty_space height=&#8221;5px&#8221;][\/vc_column][vc_column width=&#8221;1\/2&#8243;][vc_column_text]<\/p>\n<h3 class=\"p1\"><b>Activit\u00e9s personnalis\u00e9es<\/b><\/h3>\n<p class=\"p2\">Autres activit\u00e9s personnalis\u00e9es sur demande : promenade en cal\u00e8che, initiation au labour&#8230;<\/p>\n<p>[\/vc_column_text][vc_empty_space][\/vc_column][\/vc_row][vc_row][vc_column][vc_column_text]<\/p>\n<p class=\"p4\" style=\"text-align: center;\"><i><strong>Contact<\/strong><br \/>\n<\/i><i>T\u00e9l\u00e9phone : +33 (0)4 67 55 34 47<br \/>\nEmail : <a href=\"http:\/\/contact@chateau-laroque.fr\">contact@chateau-laroque.fr<\/a><\/i>[\/vc_column_text][\/vc_column][\/vc_row]<\/p>\n","protected":false},"excerpt":{"rendered":"<p>[vc_row][vc_column][vc_custom_heading text=&#8221;Activit\u00e9s sur le domaine&#8221; use_theme_fonts=&#8221;yes&#8221;][vc_column_text] Pour renforcer les liens au sein d\u2019un groupe, quoi de mieux qu&#8217;un moment de d\u00e9couverte et de partage dans un cadre naturel d\u2019exception\u00a0? Vous appr\u00e9cierez en particulier des exp\u00e9riences uniques et conviviales autour du vin, de la nature et de l\u2019histoire du\u00a0domaine. [\/vc_column_text][vc_empty_space][\/vc_column][\/vc_row][vc_row equal_height=&#8221;yes&#8221; content_placement=&#8221;middle&#8221;][vc_column width=&#8221;1\/2&#8243;][vc_empty_space height=&#8221;5px&#8221;][vc_gallery interval=&#8221;0&#8243; images=&#8221;1505,1506&#8243; [&hellip;]<\/p>\n","protected":false},"author":1,"featured_media":0,"parent":0,"menu_order":0,"comment_status":"closed","ping_status":"closed","template":"","meta":[],"yoast_head":"<!-- This site is optimized with the Yoast SEO plugin v18.3 - https:\/\/yoast.com\/wordpress\/plugins\/seo\/ -->\n<title>Onsite activities - Ch\u00e2teau La roque<\/title>\n<meta name=\"robots\" content=\"index, follow, max-snippet:-1, max-image-preview:large, max-video-preview:-1\" \/>\n<link rel=\"canonical\" href=\"https:\/\/www.chateau-laroque.fr\/en\/activites-sur-le-domaine\/\" \/>\n<meta property=\"og:locale\" content=\"en_US\" \/>\n<meta property=\"og:type\" content=\"article\" \/>\n<meta property=\"og:title\" content=\"Onsite activities - Ch\u00e2teau La roque\" \/>\n<meta property=\"og:description\" content=\"[vc_row][vc_column][vc_custom_heading text=&#8221;Activit\u00e9s sur le domaine&#8221; use_theme_fonts=&#8221;yes&#8221;][vc_column_text] Pour renforcer les liens au sein d\u2019un groupe, quoi de mieux qu&#8217;un moment de d\u00e9couverte et de partage dans un cadre naturel d\u2019exception\u00a0? Vous appr\u00e9cierez en particulier des exp\u00e9riences uniques et conviviales autour du vin, de la nature et de l\u2019histoire du\u00a0domaine. [\/vc_column_text][vc_empty_space][\/vc_column][\/vc_row][vc_row equal_height=&#8221;yes&#8221; content_placement=&#8221;middle&#8221;][vc_column width=&#8221;1\/2&#8243;][vc_empty_space height=&#8221;5px&#8221;][vc_gallery interval=&#8221;0&#8243; images=&#8221;1505,1506&#8243; [&hellip;]\" \/>\n<meta property=\"og:url\" content=\"https:\/\/www.chateau-laroque.fr\/en\/activites-sur-le-domaine\/\" \/>\n<meta property=\"og:site_name\" content=\"Ch\u00e2teau La roque\" \/>\n<meta property=\"article:modified_time\" content=\"2023-03-28T13:52:10+00:00\" \/>\n<meta name=\"twitter:card\" content=\"summary\" \/>\n<meta name=\"twitter:label1\" content=\"Est. reading time\" \/>\n\t<meta name=\"twitter:data1\" content=\"2 minutes\" \/>\n<script type=\"application\/ld+json\" class=\"yoast-schema-graph\">{\"@context\":\"https:\/\/schema.org\",\"@graph\":[{\"@type\":\"WebSite\",\"@id\":\"https:\/\/www.chateau-laroque.fr\/#website\",\"url\":\"https:\/\/www.chateau-laroque.fr\/\",\"name\":\"Ch\u00e2teau La roque\",\"description\":\"cru Pic Saint Loup\",\"potentialAction\":[{\"@type\":\"SearchAction\",\"target\":{\"@type\":\"EntryPoint\",\"urlTemplate\":\"https:\/\/www.chateau-laroque.fr\/?s={search_term_string}\"},\"query-input\":\"required name=search_term_string\"}],\"inLanguage\":\"en-US\"},{\"@type\":\"WebPage\",\"@id\":\"https:\/\/www.chateau-laroque.fr\/en\/activites-sur-le-domaine\/#webpage\",\"url\":\"https:\/\/www.chateau-laroque.fr\/en\/activites-sur-le-domaine\/\",\"name\":\"Onsite activities - Ch\u00e2teau La roque\",\"isPartOf\":{\"@id\":\"https:\/\/www.chateau-laroque.fr\/#website\"},\"datePublished\":\"2019-03-08T09:59:40+00:00\",\"dateModified\":\"2023-03-28T13:52:10+00:00\",\"breadcrumb\":{\"@id\":\"https:\/\/www.chateau-laroque.fr\/en\/activites-sur-le-domaine\/#breadcrumb\"},\"inLanguage\":\"en-US\",\"potentialAction\":[{\"@type\":\"ReadAction\",\"target\":[\"https:\/\/www.chateau-laroque.fr\/en\/activites-sur-le-domaine\/\"]}]},{\"@type\":\"BreadcrumbList\",\"@id\":\"https:\/\/www.chateau-laroque.fr\/en\/activites-sur-le-domaine\/#breadcrumb\",\"itemListElement\":[{\"@type\":\"ListItem\",\"position\":1,\"name\":\"Home\",\"item\":\"https:\/\/www.chateau-laroque.fr\/\"},{\"@type\":\"ListItem\",\"position\":2,\"name\":\"Onsite activities\"}]}]}<\/script>\n<!-- \/ Yoast SEO plugin. -->","yoast_head_json":{"title":"Onsite activities - Ch\u00e2teau La roque","robots":{"index":"index","follow":"follow","max-snippet":"max-snippet:-1","max-image-preview":"max-image-preview:large","max-video-preview":"max-video-preview:-1"},"canonical":"https:\/\/www.chateau-laroque.fr\/en\/activites-sur-le-domaine\/","og_locale":"en_US","og_type":"article","og_title":"Onsite activities - Ch\u00e2teau La roque","og_description":"[vc_row][vc_column][vc_custom_heading text=&#8221;Activit\u00e9s sur le domaine&#8221; use_theme_fonts=&#8221;yes&#8221;][vc_column_text] Pour renforcer les liens au sein d\u2019un groupe, quoi de mieux qu&#8217;un moment de d\u00e9couverte et de partage dans un cadre naturel d\u2019exception\u00a0? Vous appr\u00e9cierez en particulier des exp\u00e9riences uniques et conviviales autour du vin, de la nature et de l\u2019histoire du\u00a0domaine. [\/vc_column_text][vc_empty_space][\/vc_column][\/vc_row][vc_row equal_height=&#8221;yes&#8221; content_placement=&#8221;middle&#8221;][vc_column width=&#8221;1\/2&#8243;][vc_empty_space height=&#8221;5px&#8221;][vc_gallery interval=&#8221;0&#8243; images=&#8221;1505,1506&#8243; [&hellip;]","og_url":"https:\/\/www.chateau-laroque.fr\/en\/activites-sur-le-domaine\/","og_site_name":"Ch\u00e2teau La roque","article_modified_time":"2023-03-28T13:52:10+00:00","twitter_card":"summary","twitter_misc":{"Est. reading time":"2 minutes"},"schema":{"@context":"https:\/\/schema.org","@graph":[{"@type":"WebSite","@id":"https:\/\/www.chateau-laroque.fr\/#website","url":"https:\/\/www.chateau-laroque.fr\/","name":"Ch\u00e2teau La roque","description":"cru Pic Saint Loup","potentialAction":[{"@type":"SearchAction","target":{"@type":"EntryPoint","urlTemplate":"https:\/\/www.chateau-laroque.fr\/?s={search_term_string}"},"query-input":"required name=search_term_string"}],"inLanguage":"en-US"},{"@type":"WebPage","@id":"https:\/\/www.chateau-laroque.fr\/en\/activites-sur-le-domaine\/#webpage","url":"https:\/\/www.chateau-laroque.fr\/en\/activites-sur-le-domaine\/","name":"Onsite activities - Ch\u00e2teau La roque","isPartOf":{"@id":"https:\/\/www.chateau-laroque.fr\/#website"},"datePublished":"2019-03-08T09:59:40+00:00","dateModified":"2023-03-28T13:52:10+00:00","breadcrumb":{"@id":"https:\/\/www.chateau-laroque.fr\/en\/activites-sur-le-domaine\/#breadcrumb"},"inLanguage":"en-US","potentialAction":[{"@type":"ReadAction","target":["https:\/\/www.chateau-laroque.fr\/en\/activites-sur-le-domaine\/"]}]},{"@type":"BreadcrumbList","@id":"https:\/\/www.chateau-laroque.fr\/en\/activites-sur-le-domaine\/#breadcrumb","itemListElement":[{"@type":"ListItem","position":1,"name":"Home","item":"https:\/\/www.chateau-laroque.fr\/"},{"@type":"ListItem","position":2,"name":"Onsite activities"}]}]}},"_links":{"self":[{"href":"https:\/\/www.chateau-laroque.fr\/en\/wp-json\/wp\/v2\/pages\/1480"}],"collection":[{"href":"https:\/\/www.chateau-laroque.fr\/en\/wp-json\/wp\/v2\/pages"}],"about":[{"href":"https:\/\/www.chateau-laroque.fr\/en\/wp-json\/wp\/v2\/types\/page"}],"author":[{"embeddable":true,"href":"https:\/\/www.chateau-laroque.fr\/en\/wp-json\/wp\/v2\/users\/1"}],"replies":[{"embeddable":true,"href":"https:\/\/www.chateau-laroque.fr\/en\/wp-json\/wp\/v2\/comments?post=1480"}],"version-history":[{"count":22,"href":"https:\/\/www.chateau-laroque.fr\/en\/wp-json\/wp\/v2\/pages\/1480\/revisions"}],"predecessor-version":[{"id":1932,"href":"https:\/\/www.chateau-laroque.fr\/en\/wp-json\/wp\/v2\/pages\/1480\/revisions\/1932"}],"wp:attachment":[{"href":"https:\/\/www.chateau-laroque.fr\/en\/wp-json\/wp\/v2\/media?parent=1480"}],"curies":[{"name":"wp","href":"https:\/\/api.w.org\/{rel}","templated":true}]}}