{"id":125,"date":"2016-04-07T14:56:21","date_gmt":"2016-04-07T13:56:21","guid":{"rendered":"https:\/\/www.chateau-laroque.fr\/?page_id=125"},"modified":"2022-02-17T17:46:07","modified_gmt":"2022-02-17T16:46:07","slug":"shop","status":"publish","type":"page","link":"https:\/\/www.chateau-laroque.fr\/en\/shop\/","title":{"rendered":"Boutique"},"content":{"rendered":"<p>[vc_row][vc_column][vc_custom_heading text=&#8221;Le Caveau&#8221; google_fonts=&#8221;font_family:Montserrat%3Aregular%2C700|font_style:400%20regular%3A400%3Anormal&#8221;][vc_column_text]<\/p>\n<h4 style=\"text-align: justify;\"><strong>Vous trouverez et d\u00e9gusterez nos vins en France mais aussi aux Etats-Unis, en Angleterre, en Allemagne, au Japon\u2026 Des sommeliers, des cavistes, des amateurs prescrivent nos vins que vous pourrez bien s\u00fbr d\u00e9guster \u00e0 notre caveau, au domaine, presque toute l\u2019ann\u00e9e. Notre \u00e9quipe sera heureuse et fi\u00e8re de vous faire go\u00fbter les fruits de notre travail.<\/strong><\/h4>\n<p class=\"p1\">Le caveau est ouvert du lundi au vendredi de 9h \u00e0 17h et le samedi de 10h \u00e0 18h.<\/p>\n<p>[\/vc_column_text][vc_empty_space][\/vc_column][\/vc_row][vc_row][vc_column width=&#8221;1\/3&#8243;]<figure class=\"sc_image  sc_image_shape_square\"><img src=\"https:\/\/www.chateau-laroque.fr\/wp-content\/uploads\/2016\/06\/Chateau_la_roque_caveau_1.jpg\" alt=\"\" \/><\/figure>[\/vc_column][vc_column width=&#8221;1\/3&#8243;]<figure class=\"sc_image  sc_image_shape_square\"><img src=\"https:\/\/www.chateau-laroque.fr\/wp-content\/uploads\/2016\/06\/Chateau_la_roque_caveau_2.jpg\" alt=\"\" \/><\/figure>[\/vc_column][vc_column width=&#8221;1\/3&#8243;]<figure class=\"sc_image  sc_image_shape_square\"><img src=\"https:\/\/www.chateau-laroque.fr\/wp-content\/uploads\/2016\/06\/Chateau_la_roque_caveau_3.jpg\" alt=\"\" \/><\/figure>[\/vc_column][\/vc_row]<\/p>","protected":false},"excerpt":{"rendered":"<p>[vc_row][vc_column][vc_custom_heading text=&#8221;Le Caveau&#8221; google_fonts=&#8221;font_family:Montserrat%3Aregular%2C700|font_style:400%20regular%3A400%3Anormal&#8221;][vc_column_text] Vous trouverez et d\u00e9gusterez nos vins en France mais aussi aux Etats-Unis, en Angleterre, en Allemagne, au Japon\u2026 Des sommeliers, des cavistes, des amateurs prescrivent nos vins que vous pourrez bien s\u00fbr d\u00e9guster \u00e0 notre caveau, au domaine, presque toute l\u2019ann\u00e9e. Notre \u00e9quipe sera heureuse et fi\u00e8re de vous faire go\u00fbter [&hellip;]<\/p>\n","protected":false},"author":1,"featured_media":0,"parent":0,"menu_order":0,"comment_status":"closed","ping_status":"closed","template":"","meta":[],"yoast_head":"<!-- This site is optimized with the Yoast SEO plugin v18.3 - https:\/\/yoast.com\/wordpress\/plugins\/seo\/ -->\n<title>Boutique - Ch\u00e2teau La roque<\/title>\n<meta name=\"robots\" content=\"index, follow, max-snippet:-1, max-image-preview:large, max-video-preview:-1\" \/>\n<link rel=\"canonical\" href=\"https:\/\/www.chateau-laroque.fr\/en\/shop\/\" \/>\n<meta property=\"og:locale\" content=\"en_US\" \/>\n<meta property=\"og:type\" content=\"article\" \/>\n<meta property=\"og:title\" content=\"Boutique - Ch\u00e2teau La roque\" \/>\n<meta property=\"og:description\" content=\"[vc_row][vc_column][vc_custom_heading text=&#8221;Le Caveau&#8221; google_fonts=&#8221;font_family:Montserrat%3Aregular%2C700|font_style:400%20regular%3A400%3Anormal&#8221;][vc_column_text] Vous trouverez et d\u00e9gusterez nos vins en France mais aussi aux Etats-Unis, en Angleterre, en Allemagne, au Japon\u2026 Des sommeliers, des cavistes, des amateurs prescrivent nos vins que vous pourrez bien s\u00fbr d\u00e9guster \u00e0 notre caveau, au domaine, presque toute l\u2019ann\u00e9e. Notre \u00e9quipe sera heureuse et fi\u00e8re de vous faire go\u00fbter [&hellip;]\" \/>\n<meta property=\"og:url\" content=\"https:\/\/www.chateau-laroque.fr\/en\/shop\/\" \/>\n<meta property=\"og:site_name\" content=\"Ch\u00e2teau La roque\" \/>\n<meta property=\"article:modified_time\" content=\"2022-02-17T16:46:07+00:00\" \/>\n<meta name=\"twitter:card\" content=\"summary\" \/>\n<meta name=\"twitter:label1\" content=\"Est. reading time\" \/>\n\t<meta name=\"twitter:data1\" content=\"1 minute\" \/>\n<script type=\"application\/ld+json\" class=\"yoast-schema-graph\">{\"@context\":\"https:\/\/schema.org\",\"@graph\":[{\"@type\":\"WebSite\",\"@id\":\"https:\/\/www.chateau-laroque.fr\/#website\",\"url\":\"https:\/\/www.chateau-laroque.fr\/\",\"name\":\"Ch\u00e2teau La roque\",\"description\":\"cru Pic Saint Loup\",\"potentialAction\":[{\"@type\":\"SearchAction\",\"target\":{\"@type\":\"EntryPoint\",\"urlTemplate\":\"https:\/\/www.chateau-laroque.fr\/?s={search_term_string}\"},\"query-input\":\"required name=search_term_string\"}],\"inLanguage\":\"en-US\"},{\"@type\":\"WebPage\",\"@id\":\"https:\/\/www.chateau-laroque.fr\/en\/shop\/#webpage\",\"url\":\"https:\/\/www.chateau-laroque.fr\/en\/shop\/\",\"name\":\"Boutique - Ch\u00e2teau La roque\",\"isPartOf\":{\"@id\":\"https:\/\/www.chateau-laroque.fr\/#website\"},\"datePublished\":\"2016-04-07T13:56:21+00:00\",\"dateModified\":\"2022-02-17T16:46:07+00:00\",\"breadcrumb\":{\"@id\":\"https:\/\/www.chateau-laroque.fr\/en\/shop\/#breadcrumb\"},\"inLanguage\":\"en-US\",\"potentialAction\":[{\"@type\":\"ReadAction\",\"target\":[\"https:\/\/www.chateau-laroque.fr\/en\/shop\/\"]}]},{\"@type\":\"BreadcrumbList\",\"@id\":\"https:\/\/www.chateau-laroque.fr\/en\/shop\/#breadcrumb\",\"itemListElement\":[{\"@type\":\"ListItem\",\"position\":1,\"name\":\"Home\",\"item\":\"https:\/\/www.chateau-laroque.fr\/\"},{\"@type\":\"ListItem\",\"position\":2,\"name\":\"Boutique\"}]}]}<\/script>\n<!-- \/ Yoast SEO plugin. -->","yoast_head_json":{"title":"Boutique - Ch\u00e2teau La roque","robots":{"index":"index","follow":"follow","max-snippet":"max-snippet:-1","max-image-preview":"max-image-preview:large","max-video-preview":"max-video-preview:-1"},"canonical":"https:\/\/www.chateau-laroque.fr\/en\/shop\/","og_locale":"en_US","og_type":"article","og_title":"Boutique - Ch\u00e2teau La roque","og_description":"[vc_row][vc_column][vc_custom_heading text=&#8221;Le Caveau&#8221; google_fonts=&#8221;font_family:Montserrat%3Aregular%2C700|font_style:400%20regular%3A400%3Anormal&#8221;][vc_column_text] Vous trouverez et d\u00e9gusterez nos vins en France mais aussi aux Etats-Unis, en Angleterre, en Allemagne, au Japon\u2026 Des sommeliers, des cavistes, des amateurs prescrivent nos vins que vous pourrez bien s\u00fbr d\u00e9guster \u00e0 notre caveau, au domaine, presque toute l\u2019ann\u00e9e. Notre \u00e9quipe sera heureuse et fi\u00e8re de vous faire go\u00fbter [&hellip;]","og_url":"https:\/\/www.chateau-laroque.fr\/en\/shop\/","og_site_name":"Ch\u00e2teau La roque","article_modified_time":"2022-02-17T16:46:07+00:00","twitter_card":"summary","twitter_misc":{"Est. reading time":"1 minute"},"schema":{"@context":"https:\/\/schema.org","@graph":[{"@type":"WebSite","@id":"https:\/\/www.chateau-laroque.fr\/#website","url":"https:\/\/www.chateau-laroque.fr\/","name":"Ch\u00e2teau La roque","description":"cru Pic Saint Loup","potentialAction":[{"@type":"SearchAction","target":{"@type":"EntryPoint","urlTemplate":"https:\/\/www.chateau-laroque.fr\/?s={search_term_string}"},"query-input":"required name=search_term_string"}],"inLanguage":"en-US"},{"@type":"WebPage","@id":"https:\/\/www.chateau-laroque.fr\/en\/shop\/#webpage","url":"https:\/\/www.chateau-laroque.fr\/en\/shop\/","name":"Boutique - Ch\u00e2teau La roque","isPartOf":{"@id":"https:\/\/www.chateau-laroque.fr\/#website"},"datePublished":"2016-04-07T13:56:21+00:00","dateModified":"2022-02-17T16:46:07+00:00","breadcrumb":{"@id":"https:\/\/www.chateau-laroque.fr\/en\/shop\/#breadcrumb"},"inLanguage":"en-US","potentialAction":[{"@type":"ReadAction","target":["https:\/\/www.chateau-laroque.fr\/en\/shop\/"]}]},{"@type":"BreadcrumbList","@id":"https:\/\/www.chateau-laroque.fr\/en\/shop\/#breadcrumb","itemListElement":[{"@type":"ListItem","position":1,"name":"Home","item":"https:\/\/www.chateau-laroque.fr\/"},{"@type":"ListItem","position":2,"name":"Boutique"}]}]}},"_links":{"self":[{"href":"https:\/\/www.chateau-laroque.fr\/en\/wp-json\/wp\/v2\/pages\/125"}],"collection":[{"href":"https:\/\/www.chateau-laroque.fr\/en\/wp-json\/wp\/v2\/pages"}],"about":[{"href":"https:\/\/www.chateau-laroque.fr\/en\/wp-json\/wp\/v2\/types\/page"}],"author":[{"embeddable":true,"href":"https:\/\/www.chateau-laroque.fr\/en\/wp-json\/wp\/v2\/users\/1"}],"replies":[{"embeddable":true,"href":"https:\/\/www.chateau-laroque.fr\/en\/wp-json\/wp\/v2\/comments?post=125"}],"version-history":[{"count":14,"href":"https:\/\/www.chateau-laroque.fr\/en\/wp-json\/wp\/v2\/pages\/125\/revisions"}],"predecessor-version":[{"id":1751,"href":"https:\/\/www.chateau-laroque.fr\/en\/wp-json\/wp\/v2\/pages\/125\/revisions\/1751"}],"wp:attachment":[{"href":"https:\/\/www.chateau-laroque.fr\/en\/wp-json\/wp\/v2\/media?parent=125"}],"curies":[{"name":"wp","href":"https:\/\/api.w.org\/{rel}","templated":true}]}}