{"id":12,"date":"2016-03-29T13:58:51","date_gmt":"2016-03-29T12:58:51","guid":{"rendered":"https:\/\/www.chateau-laroque.fr\/?page_id=12"},"modified":"2022-02-17T17:46:08","modified_gmt":"2022-02-17T16:46:08","slug":"domaine","status":"publish","type":"page","link":"https:\/\/www.chateau-laroque.fr\/en\/domaine\/","title":{"rendered":"Domaine"},"content":{"rendered":"<p>[vc_row][vc_column][vc_custom_heading text=&#8221;The estate&#8221; use_theme_fonts=&#8221;yes&#8221;][vc_column_text]<\/p>\n<h4 class=\"p1\"><span class=\"s1\">The estate is located in the commune of Fontan\u00e8s (the H\u00e9rault, d\u00e9partement 34), around 20 kilometres north of Montpellier, in the heart of the terroir of Pic Saint Loup. <\/span><\/h4>\n<p>[\/vc_column_text][vc_empty_space][\/vc_column][\/vc_row][vc_row][vc_column width=&#8221;1\/2&#8243;][vc_empty_space height=&#8221;5px&#8221;][vc_gallery interval=&#8221;3&#8243; images=&#8221;603,604&#8243; img_size=&#8221;full&#8221;][vc_empty_space][\/vc_column][vc_column width=&#8221;1\/2&#8243;][vc_column_text]The estate consists of a single piece of land of 80 hectares, including 32 hectares of vines. On a terroir of clay and limestone scree, the terraced vineyard, facing south\/south-east, forms an amphitheatre composed of different plots carved out of the scrubland at an altitude of between 125 and 230 metres. Here, nature is everywhere.<\/p>\n<p>The place is amazingly unspoiled, offering a unique interaction between rocks, plants, vines and woods. Apart from vines and olive trees, the vegetation is composed of different, typically Mediterranean species: evergreen oaks, kermes oaks, Aleppo pines, strawberry trees, juniper, thyme, bay trees, prickly juniper, rosemary and rock roses\u2026<\/p>\n<p>Although Pic Saint-Loup (658 m) and the Hortus Mountain (520 m) dominate the landscape, the average altitude is around 150 m.[\/vc_column_text][\/vc_column][\/vc_row][vc_row][vc_column]<figure class=\"sc_image  sc_image_shape_square\"><img src=\"https:\/\/www.chateau-laroque.fr\/wp-content\/uploads\/2016\/03\/carte-1.jpg\" alt=\"\" \/><\/figure>[\/vc_column][\/vc_row]<\/p>","protected":false},"excerpt":{"rendered":"<p>[vc_row][vc_column][vc_custom_heading text=&#8221;The estate&#8221; use_theme_fonts=&#8221;yes&#8221;][vc_column_text] The estate is located in the commune of Fontan\u00e8s (the H\u00e9rault, d\u00e9partement 34), around 20 kilometres north of Montpellier, in the heart of the terroir of Pic Saint Loup. [\/vc_column_text][vc_empty_space][\/vc_column][\/vc_row][vc_row][vc_column width=&#8221;1\/2&#8243;][vc_empty_space height=&#8221;5px&#8221;][vc_gallery interval=&#8221;3&#8243; images=&#8221;603,604&#8243; img_size=&#8221;full&#8221;][vc_empty_space][\/vc_column][vc_column width=&#8221;1\/2&#8243;][vc_column_text]The estate consists of a single piece of land of 80 hectares, including 32 hectares of [&hellip;]<\/p>\n","protected":false},"author":1,"featured_media":0,"parent":0,"menu_order":0,"comment_status":"closed","ping_status":"closed","template":"","meta":[],"yoast_head":"<!-- This site is optimized with the Yoast SEO plugin v18.3 - https:\/\/yoast.com\/wordpress\/plugins\/seo\/ -->\n<title>Domaine - Ch\u00e2teau La roque<\/title>\n<meta name=\"robots\" content=\"index, follow, max-snippet:-1, max-image-preview:large, max-video-preview:-1\" \/>\n<link rel=\"canonical\" href=\"https:\/\/www.chateau-laroque.fr\/domaine\/\" \/>\n<meta property=\"og:locale\" content=\"en_US\" \/>\n<meta property=\"og:type\" content=\"article\" \/>\n<meta property=\"og:title\" content=\"Domaine - Ch\u00e2teau La roque\" \/>\n<meta property=\"og:description\" content=\"[vc_row][vc_column][vc_custom_heading text=&#8221;The estate&#8221; use_theme_fonts=&#8221;yes&#8221;][vc_column_text] The estate is located in the commune of Fontan\u00e8s (the H\u00e9rault, d\u00e9partement 34), around 20 kilometres north of Montpellier, in the heart of the terroir of Pic Saint Loup. [\/vc_column_text][vc_empty_space][\/vc_column][\/vc_row][vc_row][vc_column width=&#8221;1\/2&#8243;][vc_empty_space height=&#8221;5px&#8221;][vc_gallery interval=&#8221;3&#8243; images=&#8221;603,604&#8243; img_size=&#8221;full&#8221;][vc_empty_space][\/vc_column][vc_column width=&#8221;1\/2&#8243;][vc_column_text]The estate consists of a single piece of land of 80 hectares, including 32 hectares of [&hellip;]\" \/>\n<meta property=\"og:url\" content=\"https:\/\/www.chateau-laroque.fr\/domaine\/\" \/>\n<meta property=\"og:site_name\" content=\"Ch\u00e2teau La roque\" \/>\n<meta property=\"article:modified_time\" content=\"2022-02-17T16:46:08+00:00\" \/>\n<meta name=\"twitter:card\" content=\"summary\" \/>\n<meta name=\"twitter:label1\" content=\"Est. reading time\" \/>\n\t<meta name=\"twitter:data1\" content=\"2 minutes\" \/>\n<script type=\"application\/ld+json\" class=\"yoast-schema-graph\">{\"@context\":\"https:\/\/schema.org\",\"@graph\":[{\"@type\":\"WebSite\",\"@id\":\"https:\/\/www.chateau-laroque.fr\/#website\",\"url\":\"https:\/\/www.chateau-laroque.fr\/\",\"name\":\"Ch\u00e2teau La roque\",\"description\":\"cru Pic Saint Loup\",\"potentialAction\":[{\"@type\":\"SearchAction\",\"target\":{\"@type\":\"EntryPoint\",\"urlTemplate\":\"https:\/\/www.chateau-laroque.fr\/?s={search_term_string}\"},\"query-input\":\"required name=search_term_string\"}],\"inLanguage\":\"en-US\"},{\"@type\":\"WebPage\",\"@id\":\"https:\/\/www.chateau-laroque.fr\/domaine\/#webpage\",\"url\":\"https:\/\/www.chateau-laroque.fr\/domaine\/\",\"name\":\"Domaine - Ch\u00e2teau La roque\",\"isPartOf\":{\"@id\":\"https:\/\/www.chateau-laroque.fr\/#website\"},\"datePublished\":\"2016-03-29T12:58:51+00:00\",\"dateModified\":\"2022-02-17T16:46:08+00:00\",\"breadcrumb\":{\"@id\":\"https:\/\/www.chateau-laroque.fr\/domaine\/#breadcrumb\"},\"inLanguage\":\"en-US\",\"potentialAction\":[{\"@type\":\"ReadAction\",\"target\":[\"https:\/\/www.chateau-laroque.fr\/domaine\/\"]}]},{\"@type\":\"BreadcrumbList\",\"@id\":\"https:\/\/www.chateau-laroque.fr\/domaine\/#breadcrumb\",\"itemListElement\":[{\"@type\":\"ListItem\",\"position\":1,\"name\":\"Home\",\"item\":\"https:\/\/www.chateau-laroque.fr\/\"},{\"@type\":\"ListItem\",\"position\":2,\"name\":\"Domaine\"}]}]}<\/script>\n<!-- \/ Yoast SEO plugin. -->","yoast_head_json":{"title":"Domaine - Ch\u00e2teau La roque","robots":{"index":"index","follow":"follow","max-snippet":"max-snippet:-1","max-image-preview":"max-image-preview:large","max-video-preview":"max-video-preview:-1"},"canonical":"https:\/\/www.chateau-laroque.fr\/domaine\/","og_locale":"en_US","og_type":"article","og_title":"Domaine - Ch\u00e2teau La roque","og_description":"[vc_row][vc_column][vc_custom_heading text=&#8221;The estate&#8221; use_theme_fonts=&#8221;yes&#8221;][vc_column_text] The estate is located in the commune of Fontan\u00e8s (the H\u00e9rault, d\u00e9partement 34), around 20 kilometres north of Montpellier, in the heart of the terroir of Pic Saint Loup. [\/vc_column_text][vc_empty_space][\/vc_column][\/vc_row][vc_row][vc_column width=&#8221;1\/2&#8243;][vc_empty_space height=&#8221;5px&#8221;][vc_gallery interval=&#8221;3&#8243; images=&#8221;603,604&#8243; img_size=&#8221;full&#8221;][vc_empty_space][\/vc_column][vc_column width=&#8221;1\/2&#8243;][vc_column_text]The estate consists of a single piece of land of 80 hectares, including 32 hectares of [&hellip;]","og_url":"https:\/\/www.chateau-laroque.fr\/domaine\/","og_site_name":"Ch\u00e2teau La roque","article_modified_time":"2022-02-17T16:46:08+00:00","twitter_card":"summary","twitter_misc":{"Est. reading time":"2 minutes"},"schema":{"@context":"https:\/\/schema.org","@graph":[{"@type":"WebSite","@id":"https:\/\/www.chateau-laroque.fr\/#website","url":"https:\/\/www.chateau-laroque.fr\/","name":"Ch\u00e2teau La roque","description":"cru Pic Saint Loup","potentialAction":[{"@type":"SearchAction","target":{"@type":"EntryPoint","urlTemplate":"https:\/\/www.chateau-laroque.fr\/?s={search_term_string}"},"query-input":"required name=search_term_string"}],"inLanguage":"en-US"},{"@type":"WebPage","@id":"https:\/\/www.chateau-laroque.fr\/domaine\/#webpage","url":"https:\/\/www.chateau-laroque.fr\/domaine\/","name":"Domaine - Ch\u00e2teau La roque","isPartOf":{"@id":"https:\/\/www.chateau-laroque.fr\/#website"},"datePublished":"2016-03-29T12:58:51+00:00","dateModified":"2022-02-17T16:46:08+00:00","breadcrumb":{"@id":"https:\/\/www.chateau-laroque.fr\/domaine\/#breadcrumb"},"inLanguage":"en-US","potentialAction":[{"@type":"ReadAction","target":["https:\/\/www.chateau-laroque.fr\/domaine\/"]}]},{"@type":"BreadcrumbList","@id":"https:\/\/www.chateau-laroque.fr\/domaine\/#breadcrumb","itemListElement":[{"@type":"ListItem","position":1,"name":"Home","item":"https:\/\/www.chateau-laroque.fr\/"},{"@type":"ListItem","position":2,"name":"Domaine"}]}]}},"_links":{"self":[{"href":"https:\/\/www.chateau-laroque.fr\/en\/wp-json\/wp\/v2\/pages\/12"}],"collection":[{"href":"https:\/\/www.chateau-laroque.fr\/en\/wp-json\/wp\/v2\/pages"}],"about":[{"href":"https:\/\/www.chateau-laroque.fr\/en\/wp-json\/wp\/v2\/types\/page"}],"author":[{"embeddable":true,"href":"https:\/\/www.chateau-laroque.fr\/en\/wp-json\/wp\/v2\/users\/1"}],"replies":[{"embeddable":true,"href":"https:\/\/www.chateau-laroque.fr\/en\/wp-json\/wp\/v2\/comments?post=12"}],"version-history":[{"count":32,"href":"https:\/\/www.chateau-laroque.fr\/en\/wp-json\/wp\/v2\/pages\/12\/revisions"}],"predecessor-version":[{"id":833,"href":"https:\/\/www.chateau-laroque.fr\/en\/wp-json\/wp\/v2\/pages\/12\/revisions\/833"}],"wp:attachment":[{"href":"https:\/\/www.chateau-laroque.fr\/en\/wp-json\/wp\/v2\/media?parent=12"}],"curies":[{"name":"wp","href":"https:\/\/api.w.org\/{rel}","templated":true}]}}